{"id":454,"date":"2024-10-02T18:22:37","date_gmt":"2024-10-02T16:22:37","guid":{"rendered":"https:\/\/www.trioarbos.net\/?page_id=454"},"modified":"2026-03-07T03:16:56","modified_gmt":"2026-03-07T02:16:56","slug":"discografia","status":"publish","type":"page","link":"https:\/\/www.trioarbos.net\/en\/discografia\/","title":{"rendered":"Discography"},"content":{"rendered":"\t\t<div data-elementor-type=\"wp-page\" data-elementor-id=\"454\" class=\"elementor elementor-454\" data-elementor-post-type=\"page\">\n\t\t\t\t<div class=\"elementor-element elementor-element-8c4f388 e-con-full e-flex e-con e-parent\" data-id=\"8c4f388\" data-element_type=\"container\" data-e-type=\"container\">\n\t\t\t\t<div class=\"elementor-element elementor-element-6b517bb elementor-widget elementor-widget-image\" data-id=\"6b517bb\" data-element_type=\"widget\" data-e-type=\"widget\" data-widget_type=\"image.default\">\n\t\t\t\t<div class=\"elementor-widget-container\">\n\t\t\t\t\t\t\t\t\t\t\t\t\t\t\t<img fetchpriority=\"high\" decoding=\"async\" width=\"2560\" height=\"1707\" src=\"https:\/\/www.trioarbos.net\/wp-content\/uploads\/2026\/03\/MG_5413-scaled.jpg\" class=\"attachment-full size-full wp-image-608\" alt=\"\" srcset=\"https:\/\/www.trioarbos.net\/wp-content\/uploads\/2026\/03\/MG_5413-scaled.jpg 2560w, https:\/\/www.trioarbos.net\/wp-content\/uploads\/2026\/03\/MG_5413-300x200.jpg 300w, https:\/\/www.trioarbos.net\/wp-content\/uploads\/2026\/03\/MG_5413-1024x683.jpg 1024w, https:\/\/www.trioarbos.net\/wp-content\/uploads\/2026\/03\/MG_5413-768x512.jpg 768w, https:\/\/www.trioarbos.net\/wp-content\/uploads\/2026\/03\/MG_5413-1536x1024.jpg 1536w, https:\/\/www.trioarbos.net\/wp-content\/uploads\/2026\/03\/MG_5413-2048x1365.jpg 2048w, https:\/\/www.trioarbos.net\/wp-content\/uploads\/2026\/03\/MG_5413-18x12.jpg 18w\" sizes=\"(max-width: 2560px) 100vw, 2560px\" \/>\t\t\t\t\t\t\t\t\t\t\t\t\t\t\t<\/div>\n\t\t\t\t<\/div>\n\t\t\t\t<\/div>\n\t\t<div class=\"elementor-element elementor-element-4fa4d07 e-con-full e-flex e-con e-parent\" data-id=\"4fa4d07\" data-element_type=\"container\" data-e-type=\"container\" data-settings=\"{&quot;background_background&quot;:&quot;classic&quot;}\">\n\t\t<div class=\"elementor-element elementor-element-204e575 e-flex e-con-boxed e-con e-child\" data-id=\"204e575\" data-element_type=\"container\" data-e-type=\"container\">\n\t\t\t\t\t<div class=\"e-con-inner\">\n\t\t\t\t<div class=\"elementor-element elementor-element-8ece75c elementor-widget elementor-widget-heading\" data-id=\"8ece75c\" data-element_type=\"widget\" data-e-type=\"widget\" data-widget_type=\"heading.default\">\n\t\t\t\t<div class=\"elementor-widget-container\">\n\t\t\t\t\t<h2 class=\"elementor-heading-title elementor-size-default\">Discograf\u00eda<\/h2>\t\t\t\t<\/div>\n\t\t\t\t<\/div>\n\t\t\t\t<div class=\"elementor-element elementor-element-0ec8fef elementor-widget elementor-widget-text-editor\" data-id=\"0ec8fef\" data-element_type=\"widget\" data-e-type=\"widget\" data-widget_type=\"text-editor.default\">\n\t\t\t\t<div class=\"elementor-widget-container\">\n\t\t\t\t\t\t\t\t\t<p>Con m\u00e1s de 30 trabajos discogr\u00e1ficos en su trayectoria, el Tr\u00edo Arb\u00f3s presenta aqu\u00ed sus lanzamientos m\u00e1s recientes, grabados para su propio sello SACRATIF.<\/p>\t\t\t\t\t\t\t\t<\/div>\n\t\t\t\t<\/div>\n\t\t\t\t<div class=\"elementor-element elementor-element-5fc876f elementor-grid-3 elementor-grid-tablet-2 elementor-grid-mobile-1 elementor-widget elementor-widget-loop-grid\" data-id=\"5fc876f\" data-element_type=\"widget\" data-e-type=\"widget\" data-settings=\"{&quot;template_id&quot;:477,&quot;_skin&quot;:&quot;post&quot;,&quot;columns&quot;:&quot;3&quot;,&quot;columns_tablet&quot;:&quot;2&quot;,&quot;columns_mobile&quot;:&quot;1&quot;,&quot;edit_handle_selector&quot;:&quot;[data-elementor-type=\\&quot;loop-item\\&quot;]&quot;,&quot;row_gap&quot;:{&quot;unit&quot;:&quot;px&quot;,&quot;size&quot;:&quot;&quot;,&quot;sizes&quot;:[]},&quot;row_gap_tablet&quot;:{&quot;unit&quot;:&quot;px&quot;,&quot;size&quot;:&quot;&quot;,&quot;sizes&quot;:[]},&quot;row_gap_mobile&quot;:{&quot;unit&quot;:&quot;px&quot;,&quot;size&quot;:&quot;&quot;,&quot;sizes&quot;:[]}}\" data-widget_type=\"loop-grid.post\">\n\t\t\t\t<div class=\"elementor-widget-container\">\n\t\t\t\t\t\t\t<div class=\"elementor-loop-container elementor-grid\" role=\"list\">\n\t\t<style id=\"loop-477\">.elementor-477 .elementor-element.elementor-element-8ca3e80{--display:flex;--flex-direction:column;--container-widget-width:100%;--container-widget-height:initial;--container-widget-flex-grow:0;--container-widget-align-self:initial;--flex-wrap-mobile:wrap;}.elementor-477 .elementor-element.elementor-element-8ca3e80.e-con{--flex-grow:1;--flex-shrink:0;}.elementor-widget-theme-post-featured-image .widget-image-caption{color:var( --e-global-color-text );font-family:var( --e-global-typography-text-font-family ), Sans-serif;font-size:var( --e-global-typography-text-font-size );font-weight:var( --e-global-typography-text-font-weight );line-height:var( --e-global-typography-text-line-height );}.elementor-477 .elementor-element.elementor-element-38b51a7 img{box-shadow:0px 0px 10px 0px rgba(0,0,0,0.5);}.elementor-widget-theme-post-title .elementor-heading-title{font-family:var( --e-global-typography-primary-font-family ), Sans-serif;font-size:var( --e-global-typography-primary-font-size );font-weight:var( --e-global-typography-primary-font-weight );line-height:var( --e-global-typography-primary-line-height );color:var( --e-global-color-primary );}.elementor-477 .elementor-element.elementor-element-96b2362{text-align:center;}.elementor-477 .elementor-element.elementor-element-96b2362 .elementor-heading-title{font-family:\"Raleway\", Sans-serif;font-size:18px;font-weight:700;line-height:1.2em;color:#3D4093;}.elementor-477 .elementor-element.elementor-element-34731ed{--display:flex;}@media(max-width:1024px){.elementor-widget-theme-post-featured-image .widget-image-caption{font-size:var( --e-global-typography-text-font-size );line-height:var( --e-global-typography-text-line-height );}.elementor-widget-theme-post-title .elementor-heading-title{font-size:var( --e-global-typography-primary-font-size );line-height:var( --e-global-typography-primary-line-height );}.elementor-477 .elementor-element.elementor-element-96b2362 .elementor-heading-title{font-size:18px;line-height:1.2em;}}@media(max-width:767px){.elementor-widget-theme-post-featured-image .widget-image-caption{font-size:var( --e-global-typography-text-font-size );line-height:var( --e-global-typography-text-line-height );}.elementor-widget-theme-post-title .elementor-heading-title{font-size:var( --e-global-typography-primary-font-size );line-height:var( --e-global-typography-primary-line-height );}.elementor-477 .elementor-element.elementor-element-96b2362 .elementor-heading-title{font-size:18px;line-height:1.2em;}}<\/style>\t\t<div data-elementor-type=\"loop-item\" data-elementor-id=\"477\" class=\"elementor elementor-477 e-loop-item e-loop-item-471 post-471 discografias type-discografias status-publish has-post-thumbnail hentry\" data-elementor-post-type=\"elementor_library\" data-custom-edit-handle=\"1\">\n\t\t\t<a class=\"elementor-element elementor-element-8ca3e80 e-con-full e-flex e-con e-parent\" data-id=\"8ca3e80\" data-element_type=\"container\" data-e-type=\"container\" href=\"https:\/\/open.spotify.com\/intl-it\/album\/6IMoWoLjTRAeWwuYCcCeyf?si=EAYc5rOBRbOxDbQ7NbIsWA\" target=\"_blank\">\n\t\t\t\t<div class=\"elementor-element elementor-element-38b51a7 elementor-widget elementor-widget-theme-post-featured-image elementor-widget-image\" data-id=\"38b51a7\" data-element_type=\"widget\" data-e-type=\"widget\" data-widget_type=\"theme-post-featured-image.default\">\n\t\t\t\t<div class=\"elementor-widget-container\">\n\t\t\t\t\t\t\t\t\t\t\t\t\t\t\t<img decoding=\"async\" width=\"800\" height=\"800\" src=\"https:\/\/www.trioarbos.net\/wp-content\/uploads\/2026\/03\/a9fcf8dc-605d-4db6-b861-2a7424ba2eba-1024x1024.jpeg\" class=\"attachment-large size-large wp-image-650\" alt=\"\" srcset=\"https:\/\/www.trioarbos.net\/wp-content\/uploads\/2026\/03\/a9fcf8dc-605d-4db6-b861-2a7424ba2eba-1024x1024.jpeg 1024w, https:\/\/www.trioarbos.net\/wp-content\/uploads\/2026\/03\/a9fcf8dc-605d-4db6-b861-2a7424ba2eba-300x300.jpeg 300w, https:\/\/www.trioarbos.net\/wp-content\/uploads\/2026\/03\/a9fcf8dc-605d-4db6-b861-2a7424ba2eba-150x150.jpeg 150w, https:\/\/www.trioarbos.net\/wp-content\/uploads\/2026\/03\/a9fcf8dc-605d-4db6-b861-2a7424ba2eba-768x768.jpeg 768w, https:\/\/www.trioarbos.net\/wp-content\/uploads\/2026\/03\/a9fcf8dc-605d-4db6-b861-2a7424ba2eba-1536x1536.jpeg 1536w, https:\/\/www.trioarbos.net\/wp-content\/uploads\/2026\/03\/a9fcf8dc-605d-4db6-b861-2a7424ba2eba-12x12.jpeg 12w, https:\/\/www.trioarbos.net\/wp-content\/uploads\/2026\/03\/a9fcf8dc-605d-4db6-b861-2a7424ba2eba.jpeg 1600w\" sizes=\"(max-width: 800px) 100vw, 800px\" \/>\t\t\t\t\t\t\t\t\t\t\t\t\t\t\t<\/div>\n\t\t\t\t<\/div>\n\t\t\t\t<div class=\"elementor-element elementor-element-96b2362 elementor-widget elementor-widget-theme-post-title elementor-page-title elementor-widget-heading\" data-id=\"96b2362\" data-element_type=\"widget\" data-e-type=\"widget\" data-widget_type=\"theme-post-title.default\">\n\t\t\t\t<div class=\"elementor-widget-container\">\n\t\t\t\t\t<h3 class=\"elementor-heading-title elementor-size-default\">Jos\u00e9 Luis Turina. Tr\u00edos Con Piano (2025)<\/h3>\t\t\t\t<\/div>\n\t\t\t\t<\/div>\n\t\t\t\t<\/a>\n\t\t<div class=\"elementor-element elementor-element-34731ed e-flex e-con-boxed e-con e-parent\" data-id=\"34731ed\" data-element_type=\"container\" data-e-type=\"container\">\n\t\t\t\t\t<div class=\"e-con-inner\">\n\t\t\t\t\t<\/div>\n\t\t\t\t<\/div>\n\t\t\t\t<\/div>\n\t\t\t\t<div data-elementor-type=\"loop-item\" data-elementor-id=\"477\" class=\"elementor elementor-477 e-loop-item e-loop-item-469 post-469 discografias type-discografias status-publish has-post-thumbnail hentry\" data-elementor-post-type=\"elementor_library\" data-custom-edit-handle=\"1\">\n\t\t\t<a class=\"elementor-element elementor-element-8ca3e80 e-con-full e-flex e-con e-parent\" data-id=\"8ca3e80\" data-element_type=\"container\" data-e-type=\"container\" href=\"https:\/\/open.spotify.com\/intl-it\/album\/20x7zsn50qTY3AcTfcRkNG?si=6gDZbpHPTXynkGg04dz_bQ\" target=\"_blank\">\n\t\t\t\t<div class=\"elementor-element elementor-element-38b51a7 elementor-widget elementor-widget-theme-post-featured-image elementor-widget-image\" data-id=\"38b51a7\" data-element_type=\"widget\" data-e-type=\"widget\" data-widget_type=\"theme-post-featured-image.default\">\n\t\t\t\t<div class=\"elementor-widget-container\">\n\t\t\t\t\t\t\t\t\t\t\t\t\t\t\t<img decoding=\"async\" width=\"760\" height=\"754\" src=\"https:\/\/www.trioarbos.net\/wp-content\/uploads\/2024\/10\/Contenedor-4.jpg\" class=\"attachment-large size-large wp-image-470\" alt=\"\" srcset=\"https:\/\/www.trioarbos.net\/wp-content\/uploads\/2024\/10\/Contenedor-4.jpg 760w, https:\/\/www.trioarbos.net\/wp-content\/uploads\/2024\/10\/Contenedor-4-300x298.jpg 300w, https:\/\/www.trioarbos.net\/wp-content\/uploads\/2024\/10\/Contenedor-4-150x150.jpg 150w\" sizes=\"(max-width: 760px) 100vw, 760px\" \/>\t\t\t\t\t\t\t\t\t\t\t\t\t\t\t<\/div>\n\t\t\t\t<\/div>\n\t\t\t\t<div class=\"elementor-element elementor-element-96b2362 elementor-widget elementor-widget-theme-post-title elementor-page-title elementor-widget-heading\" data-id=\"96b2362\" data-element_type=\"widget\" data-e-type=\"widget\" data-widget_type=\"theme-post-title.default\">\n\t\t\t\t<div class=\"elementor-widget-container\">\n\t\t\t\t\t<h3 class=\"elementor-heading-title elementor-size-default\">Manuel de Falla-Nin-Culmell-Suri\u00f1ach (2022)<\/h3>\t\t\t\t<\/div>\n\t\t\t\t<\/div>\n\t\t\t\t<\/a>\n\t\t<div class=\"elementor-element elementor-element-34731ed e-flex e-con-boxed e-con e-parent\" data-id=\"34731ed\" data-element_type=\"container\" data-e-type=\"container\">\n\t\t\t\t\t<div class=\"e-con-inner\">\n\t\t\t\t\t<\/div>\n\t\t\t\t<\/div>\n\t\t\t\t<\/div>\n\t\t\t\t<div data-elementor-type=\"loop-item\" data-elementor-id=\"477\" class=\"elementor elementor-477 e-loop-item e-loop-item-465 post-465 discografias type-discografias status-publish has-post-thumbnail hentry\" data-elementor-post-type=\"elementor_library\" data-custom-edit-handle=\"1\">\n\t\t\t<a class=\"elementor-element elementor-element-8ca3e80 e-con-full e-flex e-con e-parent\" data-id=\"8ca3e80\" data-element_type=\"container\" data-e-type=\"container\" href=\"https:\/\/open.spotify.com\/album\/7tHv9VPAqtlF9NZkxojxYt?si=rhPIp6EfTb2chIwDEaHp3g\" target=\"_blank\">\n\t\t\t\t<div class=\"elementor-element elementor-element-38b51a7 elementor-widget elementor-widget-theme-post-featured-image elementor-widget-image\" data-id=\"38b51a7\" data-element_type=\"widget\" data-e-type=\"widget\" data-widget_type=\"theme-post-featured-image.default\">\n\t\t\t\t<div class=\"elementor-widget-container\">\n\t\t\t\t\t\t\t\t\t\t\t\t\t\t\t<img loading=\"lazy\" decoding=\"async\" width=\"760\" height=\"754\" src=\"https:\/\/www.trioarbos.net\/wp-content\/uploads\/2024\/10\/Contenedor-2.jpg\" class=\"attachment-large size-large wp-image-466\" alt=\"\" srcset=\"https:\/\/www.trioarbos.net\/wp-content\/uploads\/2024\/10\/Contenedor-2.jpg 760w, https:\/\/www.trioarbos.net\/wp-content\/uploads\/2024\/10\/Contenedor-2-300x298.jpg 300w, https:\/\/www.trioarbos.net\/wp-content\/uploads\/2024\/10\/Contenedor-2-150x150.jpg 150w\" sizes=\"(max-width: 760px) 100vw, 760px\" \/>\t\t\t\t\t\t\t\t\t\t\t\t\t\t\t<\/div>\n\t\t\t\t<\/div>\n\t\t\t\t<div class=\"elementor-element elementor-element-96b2362 elementor-widget elementor-widget-theme-post-title elementor-page-title elementor-widget-heading\" data-id=\"96b2362\" data-element_type=\"widget\" data-e-type=\"widget\" data-widget_type=\"theme-post-title.default\">\n\t\t\t\t<div class=\"elementor-widget-container\">\n\t\t\t\t\t<h3 class=\"elementor-heading-title elementor-size-default\">Boleros (2022)<\/h3>\t\t\t\t<\/div>\n\t\t\t\t<\/div>\n\t\t\t\t<\/a>\n\t\t<div class=\"elementor-element elementor-element-34731ed e-flex e-con-boxed e-con e-parent\" data-id=\"34731ed\" data-element_type=\"container\" data-e-type=\"container\">\n\t\t\t\t\t<div class=\"e-con-inner\">\n\t\t\t\t\t<\/div>\n\t\t\t\t<\/div>\n\t\t\t\t<\/div>\n\t\t\t\t<div data-elementor-type=\"loop-item\" data-elementor-id=\"477\" class=\"elementor elementor-477 e-loop-item e-loop-item-463 post-463 discografias type-discografias status-publish has-post-thumbnail hentry\" data-elementor-post-type=\"elementor_library\" data-custom-edit-handle=\"1\">\n\t\t\t<a class=\"elementor-element elementor-element-8ca3e80 e-con-full e-flex e-con e-parent\" data-id=\"8ca3e80\" data-element_type=\"container\" data-e-type=\"container\" href=\"https:\/\/open.spotify.com\/album\/6yCOIp2A0KjSsGuokwcQdP?si=7SOiGBZtSQ6fgphda73KIg\" target=\"_blank\">\n\t\t\t\t<div class=\"elementor-element elementor-element-38b51a7 elementor-widget elementor-widget-theme-post-featured-image elementor-widget-image\" data-id=\"38b51a7\" data-element_type=\"widget\" data-e-type=\"widget\" data-widget_type=\"theme-post-featured-image.default\">\n\t\t\t\t<div class=\"elementor-widget-container\">\n\t\t\t\t\t\t\t\t\t\t\t\t\t\t\t<img loading=\"lazy\" decoding=\"async\" width=\"760\" height=\"754\" src=\"https:\/\/www.trioarbos.net\/wp-content\/uploads\/2024\/10\/Contenedor-1.jpg\" class=\"attachment-large size-large wp-image-464\" alt=\"\" srcset=\"https:\/\/www.trioarbos.net\/wp-content\/uploads\/2024\/10\/Contenedor-1.jpg 760w, https:\/\/www.trioarbos.net\/wp-content\/uploads\/2024\/10\/Contenedor-1-300x298.jpg 300w, https:\/\/www.trioarbos.net\/wp-content\/uploads\/2024\/10\/Contenedor-1-150x150.jpg 150w\" sizes=\"(max-width: 760px) 100vw, 760px\" \/>\t\t\t\t\t\t\t\t\t\t\t\t\t\t\t<\/div>\n\t\t\t\t<\/div>\n\t\t\t\t<div class=\"elementor-element elementor-element-96b2362 elementor-widget elementor-widget-theme-post-title elementor-page-title elementor-widget-heading\" data-id=\"96b2362\" data-element_type=\"widget\" data-e-type=\"widget\" data-widget_type=\"theme-post-title.default\">\n\t\t\t\t<div class=\"elementor-widget-container\">\n\t\t\t\t\t<h3 class=\"elementor-heading-title elementor-size-default\">Beethoven: Un Viaje \/ Eine Reise \/ A Journey (2021)<\/h3>\t\t\t\t<\/div>\n\t\t\t\t<\/div>\n\t\t\t\t<\/a>\n\t\t<div class=\"elementor-element elementor-element-34731ed e-flex e-con-boxed e-con e-parent\" data-id=\"34731ed\" data-element_type=\"container\" data-e-type=\"container\">\n\t\t\t\t\t<div class=\"e-con-inner\">\n\t\t\t\t\t<\/div>\n\t\t\t\t<\/div>\n\t\t\t\t<\/div>\n\t\t\t\t<div data-elementor-type=\"loop-item\" data-elementor-id=\"477\" class=\"elementor elementor-477 e-loop-item e-loop-item-475 post-475 discografias type-discografias status-publish has-post-thumbnail hentry\" data-elementor-post-type=\"elementor_library\" data-custom-edit-handle=\"1\">\n\t\t\t<a class=\"elementor-element elementor-element-8ca3e80 e-con-full e-flex e-con e-parent\" data-id=\"8ca3e80\" data-element_type=\"container\" data-e-type=\"container\" href=\"https:\/\/open.spotify.com\/album\/7EO7efQyW9K1WBXim7EWzM?si=i23wicKZTz6WKu9zYNfHCQ\" target=\"_blank\">\n\t\t\t\t<div class=\"elementor-element elementor-element-38b51a7 elementor-widget elementor-widget-theme-post-featured-image elementor-widget-image\" data-id=\"38b51a7\" data-element_type=\"widget\" data-e-type=\"widget\" data-widget_type=\"theme-post-featured-image.default\">\n\t\t\t\t<div class=\"elementor-widget-container\">\n\t\t\t\t\t\t\t\t\t\t\t\t\t\t\t<img loading=\"lazy\" decoding=\"async\" width=\"760\" height=\"754\" src=\"https:\/\/www.trioarbos.net\/wp-content\/uploads\/2024\/10\/image-4.jpg\" class=\"attachment-large size-large wp-image-476\" alt=\"\" srcset=\"https:\/\/www.trioarbos.net\/wp-content\/uploads\/2024\/10\/image-4.jpg 760w, https:\/\/www.trioarbos.net\/wp-content\/uploads\/2024\/10\/image-4-300x298.jpg 300w, https:\/\/www.trioarbos.net\/wp-content\/uploads\/2024\/10\/image-4-150x150.jpg 150w\" sizes=\"(max-width: 760px) 100vw, 760px\" \/>\t\t\t\t\t\t\t\t\t\t\t\t\t\t\t<\/div>\n\t\t\t\t<\/div>\n\t\t\t\t<div class=\"elementor-element elementor-element-96b2362 elementor-widget elementor-widget-theme-post-title elementor-page-title elementor-widget-heading\" data-id=\"96b2362\" data-element_type=\"widget\" data-e-type=\"widget\" data-widget_type=\"theme-post-title.default\">\n\t\t\t\t<div class=\"elementor-widget-container\">\n\t\t\t\t\t<h3 class=\"elementor-heading-title elementor-size-default\">Zarzuela-Miralles (2020)<\/h3>\t\t\t\t<\/div>\n\t\t\t\t<\/div>\n\t\t\t\t<\/a>\n\t\t<div class=\"elementor-element elementor-element-34731ed e-flex e-con-boxed e-con e-parent\" data-id=\"34731ed\" data-element_type=\"container\" data-e-type=\"container\">\n\t\t\t\t\t<div class=\"e-con-inner\">\n\t\t\t\t\t<\/div>\n\t\t\t\t<\/div>\n\t\t\t\t<\/div>\n\t\t\t\t<div data-elementor-type=\"loop-item\" data-elementor-id=\"477\" class=\"elementor elementor-477 e-loop-item e-loop-item-473 post-473 discografias type-discografias status-publish has-post-thumbnail hentry\" data-elementor-post-type=\"elementor_library\" data-custom-edit-handle=\"1\">\n\t\t\t<a class=\"elementor-element elementor-element-8ca3e80 e-con-full e-flex e-con e-parent\" data-id=\"8ca3e80\" data-element_type=\"container\" data-e-type=\"container\" href=\"https:\/\/open.spotify.com\/album\/3MWuBjWJermJLwdSRe3xTf?si=j6dnm1dEQdGt81MywCiiFg\" target=\"_blank\">\n\t\t\t\t<div class=\"elementor-element elementor-element-38b51a7 elementor-widget elementor-widget-theme-post-featured-image elementor-widget-image\" data-id=\"38b51a7\" data-element_type=\"widget\" data-e-type=\"widget\" data-widget_type=\"theme-post-featured-image.default\">\n\t\t\t\t<div class=\"elementor-widget-container\">\n\t\t\t\t\t\t\t\t\t\t\t\t\t\t\t<img loading=\"lazy\" decoding=\"async\" width=\"760\" height=\"754\" src=\"https:\/\/www.trioarbos.net\/wp-content\/uploads\/2024\/10\/Contenedor-6.jpg\" class=\"attachment-large size-large wp-image-474\" alt=\"\" srcset=\"https:\/\/www.trioarbos.net\/wp-content\/uploads\/2024\/10\/Contenedor-6.jpg 760w, https:\/\/www.trioarbos.net\/wp-content\/uploads\/2024\/10\/Contenedor-6-300x298.jpg 300w, https:\/\/www.trioarbos.net\/wp-content\/uploads\/2024\/10\/Contenedor-6-150x150.jpg 150w\" sizes=\"(max-width: 760px) 100vw, 760px\" \/>\t\t\t\t\t\t\t\t\t\t\t\t\t\t\t<\/div>\n\t\t\t\t<\/div>\n\t\t\t\t<div class=\"elementor-element elementor-element-96b2362 elementor-widget elementor-widget-theme-post-title elementor-page-title elementor-widget-heading\" data-id=\"96b2362\" data-element_type=\"widget\" data-e-type=\"widget\" data-widget_type=\"theme-post-title.default\">\n\t\t\t\t<div class=\"elementor-widget-container\">\n\t\t\t\t\t<h3 class=\"elementor-heading-title elementor-size-default\">Traves\u00edas (2019)<\/h3>\t\t\t\t<\/div>\n\t\t\t\t<\/div>\n\t\t\t\t<\/a>\n\t\t<div class=\"elementor-element elementor-element-34731ed e-flex e-con-boxed e-con e-parent\" data-id=\"34731ed\" data-element_type=\"container\" data-e-type=\"container\">\n\t\t\t\t\t<div class=\"e-con-inner\">\n\t\t\t\t\t<\/div>\n\t\t\t\t<\/div>\n\t\t\t\t<\/div>\n\t\t\t\t<\/div>\n\t\t\n\t\t\t\t\t\t<\/div>\n\t\t\t\t<\/div>\n\t\t\t\t\t<\/div>\n\t\t\t\t<\/div>\n\t\t\t\t<\/div>\n\t\t\t\t<\/div>\n\t\t","protected":false},"excerpt":{"rendered":"<p>Discograf\u00eda Con m\u00e1s de 30 trabajos discogr\u00e1ficos en su trayectoria, el Tr\u00edo Arb\u00f3s presenta aqu\u00ed sus lanzamientos m\u00e1s recientes, grabados para su propio sello SACRATIF.<\/p>","protected":false},"author":1,"featured_media":0,"parent":0,"menu_order":0,"comment_status":"closed","ping_status":"closed","template":"","meta":{"_price":"","_stock":"","_tribe_ticket_header":"","_tribe_default_ticket_provider":"","_tribe_ticket_capacity":"0","_ticket_start_date":"","_ticket_end_date":"","_tribe_ticket_show_description":"","_tribe_ticket_show_not_going":false,"_tribe_ticket_use_global_stock":"","_tribe_ticket_global_stock_level":"","_global_stock_mode":"","_global_stock_cap":"","_tribe_rsvp_for_event":"","_tribe_ticket_going_count":"","_tribe_ticket_not_going_count":"","_tribe_tickets_list":"[]","_tribe_ticket_has_attendee_info_fields":false,"footnotes":"","_tec_slr_enabled":"","_tec_slr_layout":""},"class_list":["post-454","page","type-page","status-publish","hentry"],"ticketed":false,"_links":{"self":[{"href":"https:\/\/www.trioarbos.net\/en\/wp-json\/wp\/v2\/pages\/454","targetHints":{"allow":["GET"]}}],"collection":[{"href":"https:\/\/www.trioarbos.net\/en\/wp-json\/wp\/v2\/pages"}],"about":[{"href":"https:\/\/www.trioarbos.net\/en\/wp-json\/wp\/v2\/types\/page"}],"author":[{"embeddable":true,"href":"https:\/\/www.trioarbos.net\/en\/wp-json\/wp\/v2\/users\/1"}],"replies":[{"embeddable":true,"href":"https:\/\/www.trioarbos.net\/en\/wp-json\/wp\/v2\/comments?post=454"}],"version-history":[{"count":38,"href":"https:\/\/www.trioarbos.net\/en\/wp-json\/wp\/v2\/pages\/454\/revisions"}],"predecessor-version":[{"id":953,"href":"https:\/\/www.trioarbos.net\/en\/wp-json\/wp\/v2\/pages\/454\/revisions\/953"}],"wp:attachment":[{"href":"https:\/\/www.trioarbos.net\/en\/wp-json\/wp\/v2\/media?parent=454"}],"curies":[{"name":"wp","href":"https:\/\/api.w.org\/{rel}","templated":true}]}}