{"id":37,"date":"2024-08-12T18:01:32","date_gmt":"2024-08-12T16:01:32","guid":{"rendered":"https:\/\/www.trioarbos.net\/sobre-nosotros\/"},"modified":"2026-03-07T17:01:42","modified_gmt":"2026-03-07T16:01:42","slug":"sobre-nosotros","status":"publish","type":"page","link":"https:\/\/www.trioarbos.net\/en\/sobre-nosotros\/","title":{"rendered":"About us"},"content":{"rendered":"<div data-elementor-type=\"wp-page\" data-elementor-id=\"37\" class=\"elementor elementor-37\" data-elementor-post-type=\"page\">\n\t\t\t\t<div class=\"elementor-element elementor-element-362f317 e-con-full e-flex e-con e-parent\" data-id=\"362f317\" data-element_type=\"container\" data-e-type=\"container\">\n\t\t\t\t<div class=\"elementor-element elementor-element-155cbd9 elementor-widget elementor-widget-image\" data-id=\"155cbd9\" data-element_type=\"widget\" data-e-type=\"widget\" data-widget_type=\"image.default\">\n\t\t\t\t<div class=\"elementor-widget-container\">\n\t\t\t\t\t\t\t\t\t\t\t\t\t\t\t<img fetchpriority=\"high\" decoding=\"async\" width=\"2560\" height=\"1707\" src=\"https:\/\/www.trioarbos.net\/wp-content\/uploads\/2026\/03\/MG_4965-1-scaled.jpg\" class=\"attachment-full size-full wp-image-745\" alt=\"\" srcset=\"https:\/\/www.trioarbos.net\/wp-content\/uploads\/2026\/03\/MG_4965-1-scaled.jpg 2560w, https:\/\/www.trioarbos.net\/wp-content\/uploads\/2026\/03\/MG_4965-1-300x200.jpg 300w, https:\/\/www.trioarbos.net\/wp-content\/uploads\/2026\/03\/MG_4965-1-1024x683.jpg 1024w, https:\/\/www.trioarbos.net\/wp-content\/uploads\/2026\/03\/MG_4965-1-768x512.jpg 768w, https:\/\/www.trioarbos.net\/wp-content\/uploads\/2026\/03\/MG_4965-1-1536x1024.jpg 1536w, https:\/\/www.trioarbos.net\/wp-content\/uploads\/2026\/03\/MG_4965-1-2048x1366.jpg 2048w, https:\/\/www.trioarbos.net\/wp-content\/uploads\/2026\/03\/MG_4965-1-18x12.jpg 18w\" sizes=\"(max-width: 2560px) 100vw, 2560px\" \/>\t\t\t\t\t\t\t\t\t\t\t\t\t\t\t<\/div>\n\t\t\t\t<\/div>\n\t\t\t\t<\/div>\n\t\t<div class=\"elementor-element elementor-element-78adad8 e-flex e-con-boxed e-con e-parent\" data-id=\"78adad8\" data-element_type=\"container\" data-e-type=\"container\" data-settings=\"{&quot;background_background&quot;:&quot;classic&quot;}\">\n\t\t\t\t\t<div class=\"e-con-inner\">\n\t\t\t\t<div class=\"elementor-element elementor-element-89704bb elementor-widget elementor-widget-heading\" data-id=\"89704bb\" data-element_type=\"widget\" data-e-type=\"widget\" data-widget_type=\"heading.default\">\n\t\t\t\t<div class=\"elementor-widget-container\">\n\t\t\t\t\t<h2 class=\"elementor-heading-title elementor-size-default\">Ferdinando Trematore, violin <br>Jos\u00e9 Miguel G\u00f3mez, cello<br>Juan Carlos Garvayo, piano<\/h2>\t\t\t\t<\/div>\n\t\t\t\t<\/div>\n\t\t\t\t<div class=\"elementor-element elementor-element-295e381 elementor-widget elementor-widget-text-editor\" data-id=\"295e381\" data-element_type=\"widget\" data-e-type=\"widget\" data-widget_type=\"text-editor.default\">\n\t\t\t\t<div class=\"elementor-widget-container\">\n\t\t\t\t\t\t\t\t\t<p class=\"translation-block\">Awarded with Spain\u2019s National Prize of Music, the trio was founded in 1996 and named after the Spanish violinist, conductor and composer Enrique Fern\u00e1ndez Arb\u00f3s (1863-1939). Since then, the Trio Arb\u00f3s, based in Madrid, has established itself as one of Europe\u2019s leading chamber ensembles.<\/p><p class=\"translation-block\">The repertoire of the trio ranges from the classical and romantic (complete trios by Mozart, Beethoven, Schubert, Mendelssohn, Schumann, etc.) to the contemporary, with specially commissioned works forming a significant part of the concert programs presented. Georges Aperghis, Ivan Fedele, Toshio Hosokawa, Luis de Pablo, Mauricio Sotelo, Jes\u00fas Torres, Bernhard Gander, Thierry P\u00e9cou, Elena Mendoza, Jos\u00e9 Mar\u00eda S\u00e1nchez Verd\u00fa, Roberto Sierra are some of the composers who have dedicated works to this prestigious ensemble.<\/p><p class=\"translation-block\">The Arb\u00f3s Trio has appeared frequently in major international concert halls and festivals: Vienna Konzerthaus de Viena, Tchakovsky Conservatory (Moscow), Sibelius Academy (Helsinki), Teatro Col\u00f3n (Buenos Aires), Auditorio Nacional (Madrid), Wittener Tage f\u00fcr neue Kammermusik, Kuhmo Festival, Schwetzingen Festival, Bienale di Venezia, Spoleto Festival, MUSICA (Strasbourg), Berliner Philharmonie, Klangspuren, ULTIMA (Oslo), Time of Music (Viitasaari), Nuova Consonanza (Rome), Casals Festival (Puerto Rico), Flamenco Bienale (Holland), Transart (Bolzano), Sintra Festival, Quincena Musical, International Festival of Granada, Flamenco Biennal of Seville, etc.<\/p><p>The Arb\u00f3s Trio has recorded 30 CDs for many different labels many of them dedicated to Spanish and Latin American music. Nowadays they only record for their own label SACRATIF. The prestigious magazine Gramophone said of their recording work: \u201cThis disc reaffirms the credentials of Arb\u00f3s Trio as among the most inclusive and forward- thinking of chamber ensembles\u201d. Their work in the realm of flamenco music has been internationally acclaimed. A fine example of it is their CD \u201cTraves\u00edas\u201d in collaboration with the flamenco singer Rafael de Utrera.<\/p><p class=\"translation-block\">Their projects Triple Zone and Flamenco Envisioned have been supported by the Ernst von Siemens Musikstiftung and by the BBVA Foundation.<\/p><p>Ferdinando plays a violin by A. Guadagnini (Torino, 1881). Jos\u00e9 Miguel plays a cello by Haat-Uilderks (2010). The Arb\u00f3s Trio is proudly sponsored by BAM Cases, Jargar Strings, and Boveda Music.\u00a0<\/p>\t\t\t\t\t\t\t\t<\/div>\n\t\t\t\t<\/div>\n\t\t\t\t<div class=\"elementor-element elementor-element-3917f93 elementor-align-center elementor-widget elementor-widget-button\" data-id=\"3917f93\" data-element_type=\"widget\" data-e-type=\"widget\" data-widget_type=\"button.default\">\n\t\t\t\t<div class=\"elementor-widget-container\">\n\t\t\t\t\t\t\t\t\t<div class=\"elementor-button-wrapper\">\n\t\t\t\t\t<a class=\"elementor-button elementor-button-link elementor-size-sm\" href=\"https:\/\/docs.google.com\/document\/d\/1Rw7Jikin2MCFH6gngDu0KDdLeeVHlMbED7SZvIrLiHo\/edit\" target=\"_blank\">\n\t\t\t\t\t\t<span class=\"elementor-button-content-wrapper\">\n\t\t\t\t\t\t<span class=\"elementor-button-icon\">\n\t\t\t\t<svg aria-hidden=\"true\" class=\"e-font-icon-svg e-fas-arrow-right\" viewbox=\"0 0 448 512\" xmlns=\"http:\/\/www.w3.org\/2000\/svg\"><path d=\"M190.5 66.9l22.2-22.2c9.4-9.4 24.6-9.4 33.9 0L441 239c9.4 9.4 9.4 24.6 0 33.9L246.6 467.3c-9.4 9.4-24.6 9.4-33.9 0l-22.2-22.2c-9.5-9.5-9.3-25 .4-34.3L311.4 296H24c-13.3 0-24-10.7-24-24v-32c0-13.3 10.7-24 24-24h287.4L190.9 101.2c-9.8-9.3-10-24.8-.4-34.3z\"><\/path><\/svg>\t\t\t<\/span>\n\t\t\t\t\t\t\t\t\t<span class=\"elementor-button-text\">Download bio<\/span>\n\t\t\t\t\t<\/span>\n\t\t\t\t\t<\/a>\n\t\t\t\t<\/div>\n\t\t\t\t\t\t\t\t<\/div>\n\t\t\t\t<\/div>\n\t\t\t\t\t<\/div>\n\t\t\t\t<\/div>\n\t\t<div class=\"elementor-element elementor-element-ed5bcd2 e-flex e-con-boxed e-con e-parent\" data-id=\"ed5bcd2\" data-element_type=\"container\" data-e-type=\"container\" data-settings=\"{&quot;background_background&quot;:&quot;classic&quot;}\">\n\t\t\t\t\t<div class=\"e-con-inner\">\n\t\t<div class=\"elementor-element elementor-element-eb293b7 e-con-full e-flex e-con e-child\" data-id=\"eb293b7\" data-element_type=\"container\" data-e-type=\"container\">\n\t\t<div class=\"elementor-element elementor-element-14a46f6 e-con-full e-flex e-con e-child\" data-id=\"14a46f6\" data-element_type=\"container\" data-e-type=\"container\">\n\t\t\t\t<div class=\"elementor-element elementor-element-3de3fcd elementor-widget elementor-widget-image\" data-id=\"3de3fcd\" data-element_type=\"widget\" data-e-type=\"widget\" data-widget_type=\"image.default\">\n\t\t\t\t<div class=\"elementor-widget-container\">\n\t\t\t\t\t\t\t\t\t\t\t\t\t\t\t<img decoding=\"async\" width=\"347\" height=\"300\" src=\"https:\/\/www.trioarbos.net\/wp-content\/uploads\/2024\/09\/imagen-2024-09-04T152205.093.jpg\" class=\"attachment-full size-full wp-image-269\" alt=\"\" srcset=\"https:\/\/www.trioarbos.net\/wp-content\/uploads\/2024\/09\/imagen-2024-09-04T152205.093.jpg 347w, https:\/\/www.trioarbos.net\/wp-content\/uploads\/2024\/09\/imagen-2024-09-04T152205.093-300x259.jpg 300w\" sizes=\"(max-width: 347px) 100vw, 347px\" \/>\t\t\t\t\t\t\t\t\t\t\t\t\t\t\t<\/div>\n\t\t\t\t<\/div>\n\t\t\t\t<div class=\"elementor-element elementor-element-6905bca elementor-widget elementor-widget-heading\" data-id=\"6905bca\" data-element_type=\"widget\" data-e-type=\"widget\" data-widget_type=\"heading.default\">\n\t\t\t\t<div class=\"elementor-widget-container\">\n\t\t\t\t\t<h2 class=\"elementor-heading-title elementor-size-default\">Ferdinando Trematore\n<\/h2>\t\t\t\t<\/div>\n\t\t\t\t<\/div>\n\t\t\t\t<div class=\"elementor-element elementor-element-059ec56 elementor-widget elementor-widget-text-editor\" data-id=\"059ec56\" data-element_type=\"widget\" data-e-type=\"widget\" data-widget_type=\"text-editor.default\">\n\t\t\t\t<div class=\"elementor-widget-container\">\n\t\t\t\t\t\t\t\t\t<p>Ferdinando Trematore is one of the most interesting violinists on the Italian and International scene. Trained in Italy (Rome, Cremona, Siena) and Holland (Maastricht) with prestigious teachers such as Boris Belkin, Zakhar Bron, Salvatore Accardo, Pavel Berman or Trio di Parma, he has won numerous international competitions, including the XXX International Violin Competition \u201cMichelangelo Abbado\u201d, the XXXIV International Violin Competition \u201cValentino Bucchi\u201d in Italy, the International Violin Competition \u201cStreichwerk\u201d in Berlin or the XVII International Chamber Music Competition \u201cLuigi Nono\u201d in Venaria Reale (Turin). Since 2025, he has been Professor of Violin at the \u201cManuel Castillo\u201d Higher Conservatory of Music in Seville.<\/p>\t\t\t\t\t\t\t\t<\/div>\n\t\t\t\t<\/div>\n\t\t\t\t<\/div>\n\t\t\t\t<div class=\"elementor-element elementor-element-c459720 elementor-align-center elementor-widget elementor-widget-button\" data-id=\"c459720\" data-element_type=\"widget\" data-e-type=\"widget\" data-widget_type=\"button.default\">\n\t\t\t\t<div class=\"elementor-widget-container\">\n\t\t\t\t\t\t\t\t\t<div class=\"elementor-button-wrapper\">\n\t\t\t\t\t<a class=\"elementor-button elementor-button-link elementor-size-sm\" href=\"https:\/\/docs.google.com\/document\/d\/1GNRdMsR0CpYnVYmocNum3OTELzO0SLdUem8xmXAZGKY\/edit\" target=\"_blank\">\n\t\t\t\t\t\t<span class=\"elementor-button-content-wrapper\">\n\t\t\t\t\t\t<span class=\"elementor-button-icon\">\n\t\t\t\t<svg aria-hidden=\"true\" class=\"e-font-icon-svg e-fas-arrow-right\" viewbox=\"0 0 448 512\" xmlns=\"http:\/\/www.w3.org\/2000\/svg\"><path d=\"M190.5 66.9l22.2-22.2c9.4-9.4 24.6-9.4 33.9 0L441 239c9.4 9.4 9.4 24.6 0 33.9L246.6 467.3c-9.4 9.4-24.6 9.4-33.9 0l-22.2-22.2c-9.5-9.5-9.3-25 .4-34.3L311.4 296H24c-13.3 0-24-10.7-24-24v-32c0-13.3 10.7-24 24-24h287.4L190.9 101.2c-9.8-9.3-10-24.8-.4-34.3z\"><\/path><\/svg>\t\t\t<\/span>\n\t\t\t\t\t\t\t\t\t<span class=\"elementor-button-text\">See complete bio<\/span>\n\t\t\t\t\t<\/span>\n\t\t\t\t\t<\/a>\n\t\t\t\t<\/div>\n\t\t\t\t\t\t\t\t<\/div>\n\t\t\t\t<\/div>\n\t\t\t\t<\/div>\n\t\t<div class=\"elementor-element elementor-element-04aed2a e-con-full e-flex e-con e-child\" data-id=\"04aed2a\" data-element_type=\"container\" data-e-type=\"container\">\n\t\t<div class=\"elementor-element elementor-element-7341224 e-con-full e-flex e-con e-child\" data-id=\"7341224\" data-element_type=\"container\" data-e-type=\"container\">\n\t\t\t\t<div class=\"elementor-element elementor-element-4169f6f elementor-widget elementor-widget-image\" data-id=\"4169f6f\" data-element_type=\"widget\" data-e-type=\"widget\" data-widget_type=\"image.default\">\n\t\t\t\t<div class=\"elementor-widget-container\">\n\t\t\t\t\t\t\t\t\t\t\t\t\t\t\t<img decoding=\"async\" width=\"348\" height=\"300\" src=\"https:\/\/www.trioarbos.net\/wp-content\/uploads\/2024\/09\/imagen-2024-09-04T152207.034.jpg\" class=\"attachment-full size-full wp-image-268\" alt=\"\" srcset=\"https:\/\/www.trioarbos.net\/wp-content\/uploads\/2024\/09\/imagen-2024-09-04T152207.034.jpg 348w, https:\/\/www.trioarbos.net\/wp-content\/uploads\/2024\/09\/imagen-2024-09-04T152207.034-300x259.jpg 300w\" sizes=\"(max-width: 348px) 100vw, 348px\" \/>\t\t\t\t\t\t\t\t\t\t\t\t\t\t\t<\/div>\n\t\t\t\t<\/div>\n\t\t\t\t<div class=\"elementor-element elementor-element-c3cfd70 elementor-widget elementor-widget-heading\" data-id=\"c3cfd70\" data-element_type=\"widget\" data-e-type=\"widget\" data-widget_type=\"heading.default\">\n\t\t\t\t<div class=\"elementor-widget-container\">\n\t\t\t\t\t<h2 class=\"elementor-heading-title elementor-size-default\">Jos\u00e9 Miguel G\u00f3mez<\/h2>\t\t\t\t<\/div>\n\t\t\t\t<\/div>\n\t\t\t\t<div class=\"elementor-element elementor-element-6cac13d elementor-widget elementor-widget-text-editor\" data-id=\"6cac13d\" data-element_type=\"widget\" data-e-type=\"widget\" data-widget_type=\"text-editor.default\">\n\t\t\t\t<div class=\"elementor-widget-container\">\n\t\t\t\t\t\t\t\t\t<p>Jos\u00e9 Miguel G\u00f3mez has been the cellist of the Arb\u00f3s Trio since its founding in 1996. As a member of this ensemble, he has performed in leading venues and festivals across Spain and around the world, and has recorded over 30 albums for labels such as Naxos, Kairos, Col Legno, Verso, Ensayo, Fundaci\u00f3n Autor, and Sacratif. <br \/>Jos\u00e9 Miguel has shown a particular interest in performing contemporary music. He has premiered numerous works, many of which were dedicated to him. In September 2009, he premiered the Cello Concerto by Salvadoran composer Germ\u00e1n C\u00e1ceres with the National Symphony Orchestra of El Salvador.<\/p>\t\t\t\t\t\t\t\t<\/div>\n\t\t\t\t<\/div>\n\t\t\t\t<\/div>\n\t\t\t\t<div class=\"elementor-element elementor-element-06f52d5 elementor-align-center elementor-widget elementor-widget-button\" data-id=\"06f52d5\" data-element_type=\"widget\" data-e-type=\"widget\" data-widget_type=\"button.default\">\n\t\t\t\t<div class=\"elementor-widget-container\">\n\t\t\t\t\t\t\t\t\t<div class=\"elementor-button-wrapper\">\n\t\t\t\t\t<a class=\"elementor-button elementor-button-link elementor-size-sm\" href=\"https:\/\/docs.google.com\/document\/d\/148VZ0Q5MOrnpcmKx2bc6b4rlFmkQO6IUj0tntVKwNnw\/edit\" target=\"_blank\">\n\t\t\t\t\t\t<span class=\"elementor-button-content-wrapper\">\n\t\t\t\t\t\t<span class=\"elementor-button-icon\">\n\t\t\t\t<svg aria-hidden=\"true\" class=\"e-font-icon-svg e-fas-arrow-right\" viewbox=\"0 0 448 512\" xmlns=\"http:\/\/www.w3.org\/2000\/svg\"><path d=\"M190.5 66.9l22.2-22.2c9.4-9.4 24.6-9.4 33.9 0L441 239c9.4 9.4 9.4 24.6 0 33.9L246.6 467.3c-9.4 9.4-24.6 9.4-33.9 0l-22.2-22.2c-9.5-9.5-9.3-25 .4-34.3L311.4 296H24c-13.3 0-24-10.7-24-24v-32c0-13.3 10.7-24 24-24h287.4L190.9 101.2c-9.8-9.3-10-24.8-.4-34.3z\"><\/path><\/svg>\t\t\t<\/span>\n\t\t\t\t\t\t\t\t\t<span class=\"elementor-button-text\">See complete bio<\/span>\n\t\t\t\t\t<\/span>\n\t\t\t\t\t<\/a>\n\t\t\t\t<\/div>\n\t\t\t\t\t\t\t\t<\/div>\n\t\t\t\t<\/div>\n\t\t\t\t<\/div>\n\t\t<div class=\"elementor-element elementor-element-7c49da2 e-con-full e-flex e-con e-child\" data-id=\"7c49da2\" data-element_type=\"container\" data-e-type=\"container\">\n\t\t<div class=\"elementor-element elementor-element-e6308ec e-con-full e-flex e-con e-child\" data-id=\"e6308ec\" data-element_type=\"container\" data-e-type=\"container\">\n\t\t\t\t<div class=\"elementor-element elementor-element-da211ea elementor-widget elementor-widget-image\" data-id=\"da211ea\" data-element_type=\"widget\" data-e-type=\"widget\" data-widget_type=\"image.default\">\n\t\t\t\t<div class=\"elementor-widget-container\">\n\t\t\t\t\t\t\t\t\t\t\t\t\t\t\t<img loading=\"lazy\" decoding=\"async\" width=\"347\" height=\"300\" src=\"https:\/\/www.trioarbos.net\/wp-content\/uploads\/2024\/09\/imagen-2024-09-04T152211.821.jpg\" class=\"attachment-full size-full wp-image-267\" alt=\"\" srcset=\"https:\/\/www.trioarbos.net\/wp-content\/uploads\/2024\/09\/imagen-2024-09-04T152211.821.jpg 347w, https:\/\/www.trioarbos.net\/wp-content\/uploads\/2024\/09\/imagen-2024-09-04T152211.821-300x259.jpg 300w\" sizes=\"(max-width: 347px) 100vw, 347px\" \/>\t\t\t\t\t\t\t\t\t\t\t\t\t\t\t<\/div>\n\t\t\t\t<\/div>\n\t\t\t\t<div class=\"elementor-element elementor-element-ffe8b2b elementor-widget elementor-widget-heading\" data-id=\"ffe8b2b\" data-element_type=\"widget\" data-e-type=\"widget\" data-widget_type=\"heading.default\">\n\t\t\t\t<div class=\"elementor-widget-container\">\n\t\t\t\t\t<h2 class=\"elementor-heading-title elementor-size-default\">Juan Carlos Garvayo\n<\/h2>\t\t\t\t<\/div>\n\t\t\t\t<\/div>\n\t\t\t\t<div class=\"elementor-element elementor-element-58de46f elementor-widget elementor-widget-text-editor\" data-id=\"58de46f\" data-element_type=\"widget\" data-e-type=\"widget\" data-widget_type=\"text-editor.default\">\n\t\t\t\t<div class=\"elementor-widget-container\">\n\t\t\t\t\t\t\t\t\t<p>Born in Motril (Granada) in 1969, Juan Carlos Garvayo is one of the most active and versatile Spanish pianists today. His intellectually curious personality has also led him to develop a prolific artistic career in other fields, such as music research (focused mainly on the recovery of Spanish musical heritage), music management, including the creation of the acclaimed M\u00fasica Sur Festival, and pedagogy, serving as Professor of Chamber Music by public competition at the Royal Conservatory of Music in Madrid.<\/p>\t\t\t\t\t\t\t\t<\/div>\n\t\t\t\t<\/div>\n\t\t\t\t<\/div>\n\t\t\t\t<div class=\"elementor-element elementor-element-20b6c30 elementor-align-center elementor-widget elementor-widget-button\" data-id=\"20b6c30\" data-element_type=\"widget\" data-e-type=\"widget\" data-widget_type=\"button.default\">\n\t\t\t\t<div class=\"elementor-widget-container\">\n\t\t\t\t\t\t\t\t\t<div class=\"elementor-button-wrapper\">\n\t\t\t\t\t<a class=\"elementor-button elementor-button-link elementor-size-sm\" href=\"https:\/\/docs.google.com\/document\/d\/1JQmVmzZam_-XImBrPC6jq55J8bFFU-kaacJ6YHYNfrM\/edit\" target=\"_blank\">\n\t\t\t\t\t\t<span class=\"elementor-button-content-wrapper\">\n\t\t\t\t\t\t<span class=\"elementor-button-icon\">\n\t\t\t\t<svg aria-hidden=\"true\" class=\"e-font-icon-svg e-fas-arrow-right\" viewbox=\"0 0 448 512\" xmlns=\"http:\/\/www.w3.org\/2000\/svg\"><path d=\"M190.5 66.9l22.2-22.2c9.4-9.4 24.6-9.4 33.9 0L441 239c9.4 9.4 9.4 24.6 0 33.9L246.6 467.3c-9.4 9.4-24.6 9.4-33.9 0l-22.2-22.2c-9.5-9.5-9.3-25 .4-34.3L311.4 296H24c-13.3 0-24-10.7-24-24v-32c0-13.3 10.7-24 24-24h287.4L190.9 101.2c-9.8-9.3-10-24.8-.4-34.3z\"><\/path><\/svg>\t\t\t<\/span>\n\t\t\t\t\t\t\t\t\t<span class=\"elementor-button-text\">See complete bio<\/span>\n\t\t\t\t\t<\/span>\n\t\t\t\t\t<\/a>\n\t\t\t\t<\/div>\n\t\t\t\t\t\t\t\t<\/div>\n\t\t\t\t<\/div>\n\t\t\t\t<\/div>\n\t\t\t\t\t<\/div>\n\t\t\t\t<\/div>\n\t\t\t\t<\/div>","protected":false},"excerpt":{"rendered":"<p>Ferdinando Trematore, viol\u00edn Jos\u00e9 Miguel G\u00f3mez, violoncelloJuan Carlos Garvayo, piano Premio Nacional de M\u00fasica 2013, el Tr\u00edo Arb\u00f3s se fund\u00f3 en Madrid en 1996,\u00a0 bajo el nombre del c\u00e9lebre director, [&hellip;]<\/p>\n","protected":false},"author":1,"featured_media":0,"parent":0,"menu_order":0,"comment_status":"closed","ping_status":"closed","template":"","meta":{"_price":"","_stock":"","_tribe_ticket_header":"","_tribe_default_ticket_provider":"","_tribe_ticket_capacity":"0","_ticket_start_date":"","_ticket_end_date":"","_tribe_ticket_show_description":"","_tribe_ticket_show_not_going":false,"_tribe_ticket_use_global_stock":"","_tribe_ticket_global_stock_level":"","_global_stock_mode":"","_global_stock_cap":"","_tribe_rsvp_for_event":"","_tribe_ticket_going_count":"","_tribe_ticket_not_going_count":"","_tribe_tickets_list":"[]","_tribe_ticket_has_attendee_info_fields":false,"footnotes":"","_tec_slr_enabled":"","_tec_slr_layout":""},"class_list":["post-37","page","type-page","status-publish","hentry"],"ticketed":false,"_links":{"self":[{"href":"https:\/\/www.trioarbos.net\/en\/wp-json\/wp\/v2\/pages\/37","targetHints":{"allow":["GET"]}}],"collection":[{"href":"https:\/\/www.trioarbos.net\/en\/wp-json\/wp\/v2\/pages"}],"about":[{"href":"https:\/\/www.trioarbos.net\/en\/wp-json\/wp\/v2\/types\/page"}],"author":[{"embeddable":true,"href":"https:\/\/www.trioarbos.net\/en\/wp-json\/wp\/v2\/users\/1"}],"replies":[{"embeddable":true,"href":"https:\/\/www.trioarbos.net\/en\/wp-json\/wp\/v2\/comments?post=37"}],"version-history":[{"count":82,"href":"https:\/\/www.trioarbos.net\/en\/wp-json\/wp\/v2\/pages\/37\/revisions"}],"predecessor-version":[{"id":1002,"href":"https:\/\/www.trioarbos.net\/en\/wp-json\/wp\/v2\/pages\/37\/revisions\/1002"}],"wp:attachment":[{"href":"https:\/\/www.trioarbos.net\/en\/wp-json\/wp\/v2\/media?parent=37"}],"curies":[{"name":"wp","href":"https:\/\/api.w.org\/{rel}","templated":true}]}}