{"id":25,"date":"2024-08-12T18:01:28","date_gmt":"2024-08-12T16:01:28","guid":{"rendered":"https:\/\/www.trioarbos.net\/inicio\/"},"modified":"2026-05-13T12:47:45","modified_gmt":"2026-05-13T10:47:45","slug":"inicio","status":"publish","type":"page","link":"https:\/\/www.trioarbos.net\/en\/","title":{"rendered":"Home"},"content":{"rendered":"\t\t<div data-elementor-type=\"wp-page\" data-elementor-id=\"25\" class=\"elementor elementor-25\" data-elementor-post-type=\"page\">\n\t\t\t\t<div class=\"elementor-element elementor-element-e5b267f e-con-full e-flex e-con e-parent\" data-id=\"e5b267f\" data-element_type=\"container\" data-e-type=\"container\">\n\t\t\t\t<div class=\"elementor-element elementor-element-b12b518 elementor-widget elementor-widget-image\" data-id=\"b12b518\" data-element_type=\"widget\" data-e-type=\"widget\" data-widget_type=\"image.default\">\n\t\t\t\t<div class=\"elementor-widget-container\">\n\t\t\t\t\t\t\t\t\t\t\t\t\t\t\t<img fetchpriority=\"high\" decoding=\"async\" width=\"2560\" height=\"1707\" src=\"https:\/\/www.trioarbos.net\/wp-content\/uploads\/2026\/03\/MG_5076-2-scaled.jpg\" class=\"attachment-full size-full wp-image-748\" alt=\"\" srcset=\"https:\/\/www.trioarbos.net\/wp-content\/uploads\/2026\/03\/MG_5076-2-scaled.jpg 2560w, https:\/\/www.trioarbos.net\/wp-content\/uploads\/2026\/03\/MG_5076-2-300x200.jpg 300w, https:\/\/www.trioarbos.net\/wp-content\/uploads\/2026\/03\/MG_5076-2-1024x683.jpg 1024w, https:\/\/www.trioarbos.net\/wp-content\/uploads\/2026\/03\/MG_5076-2-768x512.jpg 768w, https:\/\/www.trioarbos.net\/wp-content\/uploads\/2026\/03\/MG_5076-2-1536x1024.jpg 1536w, https:\/\/www.trioarbos.net\/wp-content\/uploads\/2026\/03\/MG_5076-2-2048x1365.jpg 2048w, https:\/\/www.trioarbos.net\/wp-content\/uploads\/2026\/03\/MG_5076-2-18x12.jpg 18w\" sizes=\"(max-width: 2560px) 100vw, 2560px\" \/>\t\t\t\t\t\t\t\t\t\t\t\t\t\t\t<\/div>\n\t\t\t\t<\/div>\n\t\t\t\t<\/div>\n\t\t<div class=\"elementor-element elementor-element-2f65c2de e-con-full e-flex e-con e-parent\" data-id=\"2f65c2de\" data-element_type=\"container\" data-e-type=\"container\" data-settings=\"{&quot;background_background&quot;:&quot;classic&quot;}\">\n\t\t<div class=\"elementor-element elementor-element-6af6951a e-flex e-con-boxed e-con e-child\" data-id=\"6af6951a\" data-element_type=\"container\" data-e-type=\"container\" data-settings=\"{&quot;background_background&quot;:&quot;classic&quot;}\">\n\t\t\t\t\t<div class=\"e-con-inner\">\n\t\t\t\t<div class=\"elementor-element elementor-element-2ed84436 elementor-widget elementor-widget-heading\" data-id=\"2ed84436\" data-element_type=\"widget\" data-e-type=\"widget\" data-widget_type=\"heading.default\">\n\t\t\t\t<div class=\"elementor-widget-container\">\n\t\t\t\t\t<h2 class=\"elementor-heading-title elementor-size-default\">29 a\u00f1os haciendo m\u00fasica de c\u00e1mara\n<\/h2>\t\t\t\t<\/div>\n\t\t\t\t<\/div>\n\t\t\t\t<div class=\"elementor-element elementor-element-3daf4f14 elementor-widget__width-inherit elementor-widget elementor-widget-text-editor\" data-id=\"3daf4f14\" data-element_type=\"widget\" data-e-type=\"widget\" data-widget_type=\"text-editor.default\">\n\t\t\t\t<div class=\"elementor-widget-container\">\n\t\t\t\t\t\t\t\t\t<p>En diciembre de 1996 tres j\u00f3venes m\u00fasicos espa\u00f1oles nos reunimos por primera vez en Madrid con la intenci\u00f3n de crear un tr\u00edo con piano estable. Nos un\u00eda una pasi\u00f3n irrefrenable por la m\u00fasica de c\u00e1mara y el convencimiento de que, si trabaj\u00e1bamos duro, podr\u00edamos encontrar un hueco en el maravilloso mundo de la m\u00fasica de c\u00e1mara. Entre nuestros objetivos estaban cultivar el repertorio hist\u00f3rico para nuestra formaci\u00f3n (\u00a1en nuestro primer programa figuraban el primer tr\u00edo de Brahms y el primero de Schubert!) y, al mismo tiempo, buscar tesoros en nuestro maltratado patrimonio hist\u00f3rico musical, y servir de veh\u00edculo a la creaci\u00f3n actual a trav\u00e9s de una estrecha colaboraci\u00f3n con los compositores de nuestro tiempo.<\/p><p>Elegimos el nombre de \u201cArb\u00f3s\u201d como estandarte de una figura m\u00edtica de la m\u00fasica espa\u00f1ola que a trav\u00e9s de su doble faceta como violinista y director, consigui\u00f3 llevar estos objetivos a las m\u00e1s altas cotas.<\/p><p>29 a\u00f1os despu\u00e9s, habiendo recibido el Premio Nacional de M\u00fasica en 2013, y con m\u00e1s de 30 discos, cientos de estrenos, e infinidad de proyectos apasionantes a nuestras espaldas, nuestra ilusi\u00f3n sigue intacta y nuestras ganas de compartirla con vosotros, m\u00e1s viva que nunca.<\/p>\t\t\t\t\t\t\t\t<\/div>\n\t\t\t\t<\/div>\n\t\t\t\t<div class=\"elementor-element elementor-element-9df56e6 elementor-widget elementor-widget-button\" data-id=\"9df56e6\" data-element_type=\"widget\" data-e-type=\"widget\" data-widget_type=\"button.default\">\n\t\t\t\t<div class=\"elementor-widget-container\">\n\t\t\t\t\t\t\t\t\t<div class=\"elementor-button-wrapper\">\n\t\t\t\t\t<a class=\"elementor-button elementor-button-link elementor-size-sm\" href=\"https:\/\/www.trioarbos.net\/en\/sobre-nosotros\/\">\n\t\t\t\t\t\t<span class=\"elementor-button-content-wrapper\">\n\t\t\t\t\t\t<span class=\"elementor-button-icon\">\n\t\t\t\t<svg aria-hidden=\"true\" class=\"e-font-icon-svg e-fas-arrow-right\" viewBox=\"0 0 448 512\" xmlns=\"http:\/\/www.w3.org\/2000\/svg\"><path d=\"M190.5 66.9l22.2-22.2c9.4-9.4 24.6-9.4 33.9 0L441 239c9.4 9.4 9.4 24.6 0 33.9L246.6 467.3c-9.4 9.4-24.6 9.4-33.9 0l-22.2-22.2c-9.5-9.5-9.3-25 .4-34.3L311.4 296H24c-13.3 0-24-10.7-24-24v-32c0-13.3 10.7-24 24-24h287.4L190.9 101.2c-9.8-9.3-10-24.8-.4-34.3z\"><\/path><\/svg>\t\t\t<\/span>\n\t\t\t\t\t\t\t\t\t<span class=\"elementor-button-text\">Conoce m\u00e1s sobre el Tr\u00edo Arb\u00f3s<\/span>\n\t\t\t\t\t<\/span>\n\t\t\t\t\t<\/a>\n\t\t\t\t<\/div>\n\t\t\t\t\t\t\t\t<\/div>\n\t\t\t\t<\/div>\n\t\t\t\t\t<\/div>\n\t\t\t\t<\/div>\n\t\t\t\t<\/div>\n\t\t<div class=\"elementor-element elementor-element-43255c2 e-flex e-con-boxed e-con e-parent\" data-id=\"43255c2\" data-element_type=\"container\" data-e-type=\"container\" data-settings=\"{&quot;background_background&quot;:&quot;classic&quot;}\">\n\t\t\t\t\t<div class=\"e-con-inner\">\n\t\t\t\t<div class=\"elementor-element elementor-element-b59a058 elementor-widget elementor-widget-heading\" data-id=\"b59a058\" data-element_type=\"widget\" data-e-type=\"widget\" data-widget_type=\"heading.default\">\n\t\t\t\t<div class=\"elementor-widget-container\">\n\t\t\t\t\t<h2 class=\"elementor-heading-title elementor-size-default\">Discograf\u00eda<\/h2>\t\t\t\t<\/div>\n\t\t\t\t<\/div>\n\t\t\t\t<div class=\"elementor-element elementor-element-fc9c467 elementor-widget__width-inherit elementor-widget elementor-widget-text-editor\" data-id=\"fc9c467\" data-element_type=\"widget\" data-e-type=\"widget\" data-widget_type=\"text-editor.default\">\n\t\t\t\t<div class=\"elementor-widget-container\">\n\t\t\t\t\t\t\t\t\t<p>El Tr\u00edo Arb\u00f3s ha registrado m\u00e1s de 30 trabajos discogr\u00e1ficos. Estos son sus \u00faltimos lanzamientos, grabados para su propio sello SACRATIF.<\/p>\t\t\t\t\t\t\t\t<\/div>\n\t\t\t\t<\/div>\n\t\t<div class=\"elementor-element elementor-element-90f23b0 e-con-full e-flex e-con e-child\" data-id=\"90f23b0\" data-element_type=\"container\" data-e-type=\"container\">\n\t\t\t\t<div class=\"elementor-element elementor-element-f215045 elementor-widget elementor-widget-image\" data-id=\"f215045\" data-element_type=\"widget\" data-e-type=\"widget\" data-widget_type=\"image.default\">\n\t\t\t\t<div class=\"elementor-widget-container\">\n\t\t\t\t\t\t\t\t\t\t\t\t\t\t\t\t<a href=\"https:\/\/open.spotify.com\/intl-es\/album\/6IMoWoLjTRAeWwuYCcCeyf?si=u2ZNzC9wRxOcXO8KEGmsMQ\">\n\t\t\t\t\t\t\t<img decoding=\"async\" width=\"1600\" height=\"1600\" src=\"https:\/\/www.trioarbos.net\/wp-content\/uploads\/2026\/03\/a9fcf8dc-605d-4db6-b861-2a7424ba2eba.jpeg\" class=\"attachment-full size-full wp-image-650\" alt=\"\" srcset=\"https:\/\/www.trioarbos.net\/wp-content\/uploads\/2026\/03\/a9fcf8dc-605d-4db6-b861-2a7424ba2eba.jpeg 1600w, https:\/\/www.trioarbos.net\/wp-content\/uploads\/2026\/03\/a9fcf8dc-605d-4db6-b861-2a7424ba2eba-300x300.jpeg 300w, https:\/\/www.trioarbos.net\/wp-content\/uploads\/2026\/03\/a9fcf8dc-605d-4db6-b861-2a7424ba2eba-1024x1024.jpeg 1024w, https:\/\/www.trioarbos.net\/wp-content\/uploads\/2026\/03\/a9fcf8dc-605d-4db6-b861-2a7424ba2eba-150x150.jpeg 150w, https:\/\/www.trioarbos.net\/wp-content\/uploads\/2026\/03\/a9fcf8dc-605d-4db6-b861-2a7424ba2eba-768x768.jpeg 768w, https:\/\/www.trioarbos.net\/wp-content\/uploads\/2026\/03\/a9fcf8dc-605d-4db6-b861-2a7424ba2eba-1536x1536.jpeg 1536w, https:\/\/www.trioarbos.net\/wp-content\/uploads\/2026\/03\/a9fcf8dc-605d-4db6-b861-2a7424ba2eba-12x12.jpeg 12w\" sizes=\"(max-width: 1600px) 100vw, 1600px\" \/>\t\t\t\t\t\t\t\t<\/a>\n\t\t\t\t\t\t\t\t\t\t\t\t\t\t\t<\/div>\n\t\t\t\t<\/div>\n\t\t\t\t<div class=\"elementor-element elementor-element-9a38417 elementor-widget elementor-widget-image\" data-id=\"9a38417\" data-element_type=\"widget\" data-e-type=\"widget\" data-widget_type=\"image.default\">\n\t\t\t\t<div class=\"elementor-widget-container\">\n\t\t\t\t\t\t\t\t\t\t\t\t\t\t\t\t<a href=\"https:\/\/open.spotify.com\/intl-es\/album\/20x7zsn50qTY3AcTfcRkNG?si=x06ZmC9cRA-Js1wh3VGsfg\">\n\t\t\t\t\t\t\t<img decoding=\"async\" width=\"380\" height=\"377\" src=\"https:\/\/www.trioarbos.net\/wp-content\/uploads\/2024\/09\/Contenedor-44.jpg\" class=\"attachment-full size-full wp-image-175\" alt=\"\" srcset=\"https:\/\/www.trioarbos.net\/wp-content\/uploads\/2024\/09\/Contenedor-44.jpg 380w, https:\/\/www.trioarbos.net\/wp-content\/uploads\/2024\/09\/Contenedor-44-300x298.jpg 300w, https:\/\/www.trioarbos.net\/wp-content\/uploads\/2024\/09\/Contenedor-44-150x150.jpg 150w\" sizes=\"(max-width: 380px) 100vw, 380px\" \/>\t\t\t\t\t\t\t\t<\/a>\n\t\t\t\t\t\t\t\t\t\t\t\t\t\t\t<\/div>\n\t\t\t\t<\/div>\n\t\t\t\t<div class=\"elementor-element elementor-element-14b62af elementor-widget elementor-widget-image\" data-id=\"14b62af\" data-element_type=\"widget\" data-e-type=\"widget\" data-widget_type=\"image.default\">\n\t\t\t\t<div class=\"elementor-widget-container\">\n\t\t\t\t\t\t\t\t\t\t\t\t\t\t\t\t<a href=\"https:\/\/open.spotify.com\/intl-it\/album\/7tHv9VPAqtlF9NZkxojxYt?si=y8DE98smQL6R2egjjiOgsg\">\n\t\t\t\t\t\t\t<img loading=\"lazy\" decoding=\"async\" width=\"380\" height=\"377\" src=\"https:\/\/www.trioarbos.net\/wp-content\/uploads\/2024\/09\/Contenedor-45.jpg\" class=\"attachment-full size-full wp-image-176\" alt=\"\" srcset=\"https:\/\/www.trioarbos.net\/wp-content\/uploads\/2024\/09\/Contenedor-45.jpg 380w, https:\/\/www.trioarbos.net\/wp-content\/uploads\/2024\/09\/Contenedor-45-300x298.jpg 300w, https:\/\/www.trioarbos.net\/wp-content\/uploads\/2024\/09\/Contenedor-45-150x150.jpg 150w\" sizes=\"(max-width: 380px) 100vw, 380px\" \/>\t\t\t\t\t\t\t\t<\/a>\n\t\t\t\t\t\t\t\t\t\t\t\t\t\t\t<\/div>\n\t\t\t\t<\/div>\n\t\t\t\t<\/div>\n\t\t\t\t<div class=\"elementor-element elementor-element-056b09b elementor-align-center elementor-widget elementor-widget-button\" data-id=\"056b09b\" data-element_type=\"widget\" data-e-type=\"widget\" data-widget_type=\"button.default\">\n\t\t\t\t<div class=\"elementor-widget-container\">\n\t\t\t\t\t\t\t\t\t<div class=\"elementor-button-wrapper\">\n\t\t\t\t\t<a class=\"elementor-button elementor-button-link elementor-size-sm\" href=\"https:\/\/www.trioarbos.net\/en\/discografia\/\">\n\t\t\t\t\t\t<span class=\"elementor-button-content-wrapper\">\n\t\t\t\t\t\t<span class=\"elementor-button-icon\">\n\t\t\t\t<svg aria-hidden=\"true\" class=\"e-font-icon-svg e-fas-arrow-right\" viewBox=\"0 0 448 512\" xmlns=\"http:\/\/www.w3.org\/2000\/svg\"><path d=\"M190.5 66.9l22.2-22.2c9.4-9.4 24.6-9.4 33.9 0L441 239c9.4 9.4 9.4 24.6 0 33.9L246.6 467.3c-9.4 9.4-24.6 9.4-33.9 0l-22.2-22.2c-9.5-9.5-9.3-25 .4-34.3L311.4 296H24c-13.3 0-24-10.7-24-24v-32c0-13.3 10.7-24 24-24h287.4L190.9 101.2c-9.8-9.3-10-24.8-.4-34.3z\"><\/path><\/svg>\t\t\t<\/span>\n\t\t\t\t\t\t\t\t\t<span class=\"elementor-button-text\">Conoce nuestros discos<\/span>\n\t\t\t\t\t<\/span>\n\t\t\t\t\t<\/a>\n\t\t\t\t<\/div>\n\t\t\t\t\t\t\t\t<\/div>\n\t\t\t\t<\/div>\n\t\t\t\t\t<\/div>\n\t\t\t\t<\/div>\n\t\t<div class=\"elementor-element elementor-element-c03b5a0 e-flex e-con-boxed e-con e-parent\" data-id=\"c03b5a0\" data-element_type=\"container\" data-e-type=\"container\" data-settings=\"{&quot;background_background&quot;:&quot;classic&quot;}\">\n\t\t\t\t\t<div class=\"e-con-inner\">\n\t\t\t\t<div class=\"elementor-element elementor-element-2e5d655 elementor-widget elementor-widget-html\" data-id=\"2e5d655\" data-element_type=\"widget\" data-e-type=\"widget\" data-widget_type=\"html.default\">\n\t\t\t\t<div class=\"elementor-widget-container\">\n\t\t\t\t\t<figure class=\"wp-block-embed is-type-rich is-provider-spotify wp-block-embed-spotify wp-embed-aspect-4-3 wp-has-aspect-ratio\"><div class=\"wp-block-embed__wrapper\">\r\n<iframe\r\n  style=\"border-radius:12px\"\r\n  src=\"https:\/\/open.spotify.com\/embed\/album\/6IMoWoLjTRAeWwuYCcCeyf?utm_source=generator\"\r\n  width=\"100%\"\r\n  height=\"352\"\r\n  frameborder=\"0\"\r\n  allowfullscreen\r\n  allow=\"autoplay; clipboard-write; encrypted-media; fullscreen; picture-in-picture\"\r\n  loading=\"lazy\">\r\n<\/iframe>\r\n<\/div><\/figure>\t\t\t\t<\/div>\n\t\t\t\t<\/div>\n\t\t\t\t<div class=\"elementor-element elementor-element-db1d03d elementor-align-center elementor-widget elementor-widget-button\" data-id=\"db1d03d\" data-element_type=\"widget\" data-e-type=\"widget\" data-widget_type=\"button.default\">\n\t\t\t\t<div class=\"elementor-widget-container\">\n\t\t\t\t\t\t\t\t\t<div class=\"elementor-button-wrapper\">\n\t\t\t\t\t<a class=\"elementor-button elementor-button-link elementor-size-sm\" href=\"https:\/\/open.spotify.com\/intl-es\/artist\/2lFLLwf5AfBTeswTqXuhJG?si=EtNRuVFdSXCcNMsG42XSoQ&#038;nd=1&#038;dlsi=bb9f6c05c79749e0\" target=\"_blank\">\n\t\t\t\t\t\t<span class=\"elementor-button-content-wrapper\">\n\t\t\t\t\t\t<span class=\"elementor-button-icon\">\n\t\t\t\t<svg aria-hidden=\"true\" class=\"e-font-icon-svg e-fas-arrow-right\" viewBox=\"0 0 448 512\" xmlns=\"http:\/\/www.w3.org\/2000\/svg\"><path d=\"M190.5 66.9l22.2-22.2c9.4-9.4 24.6-9.4 33.9 0L441 239c9.4 9.4 9.4 24.6 0 33.9L246.6 467.3c-9.4 9.4-24.6 9.4-33.9 0l-22.2-22.2c-9.5-9.5-9.3-25 .4-34.3L311.4 296H24c-13.3 0-24-10.7-24-24v-32c0-13.3 10.7-24 24-24h287.4L190.9 101.2c-9.8-9.3-10-24.8-.4-34.3z\"><\/path><\/svg>\t\t\t<\/span>\n\t\t\t\t\t\t\t\t\t<span class=\"elementor-button-text\">Esc\u00fachanos en Spotify<\/span>\n\t\t\t\t\t<\/span>\n\t\t\t\t\t<\/a>\n\t\t\t\t<\/div>\n\t\t\t\t\t\t\t\t<\/div>\n\t\t\t\t<\/div>\n\t\t\t\t\t<\/div>\n\t\t\t\t<\/div>\n\t\t<div class=\"elementor-element elementor-element-f410c9c e-flex e-con-boxed e-con e-parent\" data-id=\"f410c9c\" data-element_type=\"container\" data-e-type=\"container\" data-settings=\"{&quot;background_background&quot;:&quot;classic&quot;}\">\n\t\t\t\t\t<div class=\"e-con-inner\">\n\t\t\t\t<div class=\"elementor-element elementor-element-e143d40 elementor-widget elementor-widget-heading\" data-id=\"e143d40\" data-element_type=\"widget\" data-e-type=\"widget\" data-widget_type=\"heading.default\">\n\t\t\t\t<div class=\"elementor-widget-container\">\n\t\t\t\t\t<h2 class=\"elementor-heading-title elementor-size-default\">Noticias<\/h2>\t\t\t\t<\/div>\n\t\t\t\t<\/div>\n\t\t\t\t<div class=\"elementor-element elementor-element-9f4a907 elementor-grid-2 elementor-grid-tablet-2 elementor-grid-mobile-1 elementor-widget elementor-widget-loop-grid\" data-id=\"9f4a907\" data-element_type=\"widget\" data-e-type=\"widget\" data-settings=\"{&quot;template_id&quot;:183,&quot;columns&quot;:2,&quot;_skin&quot;:&quot;post&quot;,&quot;columns_tablet&quot;:&quot;2&quot;,&quot;columns_mobile&quot;:&quot;1&quot;,&quot;edit_handle_selector&quot;:&quot;[data-elementor-type=\\&quot;loop-item\\&quot;]&quot;,&quot;row_gap&quot;:{&quot;unit&quot;:&quot;px&quot;,&quot;size&quot;:&quot;&quot;,&quot;sizes&quot;:[]},&quot;row_gap_tablet&quot;:{&quot;unit&quot;:&quot;px&quot;,&quot;size&quot;:&quot;&quot;,&quot;sizes&quot;:[]},&quot;row_gap_mobile&quot;:{&quot;unit&quot;:&quot;px&quot;,&quot;size&quot;:&quot;&quot;,&quot;sizes&quot;:[]}}\" data-widget_type=\"loop-grid.post\">\n\t\t\t\t<div class=\"elementor-widget-container\">\n\t\t\t\t\t\t\t<div class=\"elementor-loop-container elementor-grid\" role=\"list\">\n\t\t<style id=\"loop-183\">.elementor-183 .elementor-element.elementor-element-948c486{--display:flex;--flex-direction:column;--container-widget-width:100%;--container-widget-height:initial;--container-widget-flex-grow:0;--container-widget-align-self:initial;--flex-wrap-mobile:wrap;}.elementor-widget-theme-post-featured-image .widget-image-caption{color:var( --e-global-color-text );font-family:var( --e-global-typography-text-font-family ), Sans-serif;font-size:var( --e-global-typography-text-font-size );font-weight:var( --e-global-typography-text-font-weight );line-height:var( --e-global-typography-text-line-height );}.elementor-widget-theme-post-title .elementor-heading-title{font-family:var( --e-global-typography-primary-font-family ), Sans-serif;font-size:var( --e-global-typography-primary-font-size );font-weight:var( --e-global-typography-primary-font-weight );line-height:var( --e-global-typography-primary-line-height );color:var( --e-global-color-primary );}.elementor-183 .elementor-element.elementor-element-2e6ede0{text-align:center;}.elementor-183 .elementor-element.elementor-element-2e6ede0 .elementor-heading-title{font-family:var( --e-global-typography-3887832-font-family ), Sans-serif;font-size:var( --e-global-typography-3887832-font-size );font-weight:var( --e-global-typography-3887832-font-weight );line-height:var( --e-global-typography-3887832-line-height );letter-spacing:var( --e-global-typography-3887832-letter-spacing );word-spacing:var( --e-global-typography-3887832-word-spacing );color:#3D4093;}.elementor-widget-button .elementor-button{font-family:var( --e-global-typography-accent-font-family ), Sans-serif;font-size:var( --e-global-typography-accent-font-size );font-weight:var( --e-global-typography-accent-font-weight );line-height:var( --e-global-typography-accent-line-height );background-color:var( --e-global-color-accent );}.elementor-183 .elementor-element.elementor-element-1692a9f .elementor-button{font-family:\"Raleway\", Sans-serif;font-size:16px;font-weight:600;text-decoration:none;line-height:1.2em;fill:var( --e-global-color-eee1060 );color:var( --e-global-color-eee1060 );background-color:var( --e-global-color-secondary );}@media(max-width:1024px){.elementor-widget-theme-post-featured-image .widget-image-caption{font-size:var( --e-global-typography-text-font-size );line-height:var( --e-global-typography-text-line-height );}.elementor-widget-theme-post-title .elementor-heading-title{font-size:var( --e-global-typography-primary-font-size );line-height:var( --e-global-typography-primary-line-height );}.elementor-183 .elementor-element.elementor-element-2e6ede0 .elementor-heading-title{font-size:var( --e-global-typography-3887832-font-size );line-height:var( --e-global-typography-3887832-line-height );letter-spacing:var( --e-global-typography-3887832-letter-spacing );word-spacing:var( --e-global-typography-3887832-word-spacing );}.elementor-widget-button .elementor-button{font-size:var( --e-global-typography-accent-font-size );line-height:var( --e-global-typography-accent-line-height );}.elementor-183 .elementor-element.elementor-element-1692a9f .elementor-button{font-size:16px;line-height:1em;}}@media(max-width:767px){.elementor-widget-theme-post-featured-image .widget-image-caption{font-size:var( --e-global-typography-text-font-size );line-height:var( --e-global-typography-text-line-height );}.elementor-widget-theme-post-title .elementor-heading-title{font-size:var( --e-global-typography-primary-font-size );line-height:var( --e-global-typography-primary-line-height );}.elementor-183 .elementor-element.elementor-element-2e6ede0 .elementor-heading-title{font-size:var( --e-global-typography-3887832-font-size );line-height:var( --e-global-typography-3887832-line-height );letter-spacing:var( --e-global-typography-3887832-letter-spacing );word-spacing:var( --e-global-typography-3887832-word-spacing );}.elementor-widget-button .elementor-button{font-size:var( --e-global-typography-accent-font-size );line-height:var( --e-global-typography-accent-line-height );}.elementor-183 .elementor-element.elementor-element-1692a9f .elementor-button{font-size:16px;line-height:1em;}}<\/style>\t\t<div data-elementor-type=\"loop-item\" data-elementor-id=\"183\" class=\"elementor elementor-183 e-loop-item e-loop-item-1320 post-1320 post type-post status-publish format-standard has-post-thumbnail hentry category-noticias\" data-elementor-post-type=\"elementor_library\" data-custom-edit-handle=\"1\">\n\t\t\t<div class=\"elementor-element elementor-element-948c486 e-flex e-con-boxed e-con e-parent\" data-id=\"948c486\" data-element_type=\"container\" data-e-type=\"container\">\n\t\t\t\t\t<div class=\"e-con-inner\">\n\t\t\t\t<div class=\"elementor-element elementor-element-962bff8 elementor-widget elementor-widget-theme-post-featured-image elementor-widget-image\" data-id=\"962bff8\" data-element_type=\"widget\" data-e-type=\"widget\" data-widget_type=\"theme-post-featured-image.default\">\n\t\t\t\t<div class=\"elementor-widget-container\">\n\t\t\t\t\t\t\t\t\t\t\t\t\t\t\t<img loading=\"lazy\" decoding=\"async\" width=\"1080\" height=\"1350\" src=\"https:\/\/www.trioarbos.net\/wp-content\/uploads\/2026\/04\/25-MEJOR-A\u0301LBUM-MU\u0301SICA-CLA\u0301SICA_07.png\" class=\"attachment-full size-full wp-image-1321\" alt=\"\" srcset=\"https:\/\/www.trioarbos.net\/wp-content\/uploads\/2026\/04\/25-MEJOR-A\u0301LBUM-MU\u0301SICA-CLA\u0301SICA_07.png 1080w, https:\/\/www.trioarbos.net\/wp-content\/uploads\/2026\/04\/25-MEJOR-A\u0301LBUM-MU\u0301SICA-CLA\u0301SICA_07-240x300.png 240w, https:\/\/www.trioarbos.net\/wp-content\/uploads\/2026\/04\/25-MEJOR-A\u0301LBUM-MU\u0301SICA-CLA\u0301SICA_07-819x1024.png 819w, https:\/\/www.trioarbos.net\/wp-content\/uploads\/2026\/04\/25-MEJOR-A\u0301LBUM-MU\u0301SICA-CLA\u0301SICA_07-768x960.png 768w, https:\/\/www.trioarbos.net\/wp-content\/uploads\/2026\/04\/25-MEJOR-A\u0301LBUM-MU\u0301SICA-CLA\u0301SICA_07-10x12.png 10w\" sizes=\"(max-width: 1080px) 100vw, 1080px\" \/>\t\t\t\t\t\t\t\t\t\t\t\t\t\t\t<\/div>\n\t\t\t\t<\/div>\n\t\t\t\t<div class=\"elementor-element elementor-element-2e6ede0 elementor-widget elementor-widget-theme-post-title elementor-page-title elementor-widget-heading\" data-id=\"2e6ede0\" data-element_type=\"widget\" data-e-type=\"widget\" data-widget_type=\"theme-post-title.default\">\n\t\t\t\t<div class=\"elementor-widget-container\">\n\t\t\t\t\t<h2 class=\"elementor-heading-title elementor-size-default\">El Tr\u00edo Arb\u00f3s ha sido nominado a los Premios Academia de la M\u00fasica de Espa\u00f1a 2026<\/h2>\t\t\t\t<\/div>\n\t\t\t\t<\/div>\n\t\t\t\t<div class=\"elementor-element elementor-element-1692a9f elementor-align-center elementor-widget elementor-widget-button\" data-id=\"1692a9f\" data-element_type=\"widget\" data-e-type=\"widget\" data-widget_type=\"button.default\">\n\t\t\t\t<div class=\"elementor-widget-container\">\n\t\t\t\t\t\t\t\t\t<div class=\"elementor-button-wrapper\">\n\t\t\t\t\t<a class=\"elementor-button elementor-button-link elementor-size-sm\" href=\"https:\/\/www.trioarbos.net\/en\/trio-arbos-ha-sido-nominado-a-los-premios-academia-de-la-musica-de-espana-2026\/\">\n\t\t\t\t\t\t<span class=\"elementor-button-content-wrapper\">\n\t\t\t\t\t\t\t\t\t<span class=\"elementor-button-text\">Leer m\u00e1s<\/span>\n\t\t\t\t\t<\/span>\n\t\t\t\t\t<\/a>\n\t\t\t\t<\/div>\n\t\t\t\t\t\t\t\t<\/div>\n\t\t\t\t<\/div>\n\t\t\t\t\t<\/div>\n\t\t\t\t<\/div>\n\t\t\t\t<\/div>\n\t\t\t\t<\/div>\n\t\t\n\t\t\t\t\t\t<\/div>\n\t\t\t\t<\/div>\n\t\t\t\t\t<\/div>\n\t\t\t\t<\/div>\n\t\t\t\t<\/div>\n\t\t","protected":false},"excerpt":{"rendered":"<p>29 a\u00f1os haciendo m\u00fasica de c\u00e1mara En diciembre de 1996 tres j\u00f3venes m\u00fasicos espa\u00f1oles nos reunimos por primera vez en Madrid con la intenci\u00f3n de crear un tr\u00edo con piano [&hellip;]<\/p>\n","protected":false},"author":1,"featured_media":748,"parent":0,"menu_order":0,"comment_status":"closed","ping_status":"closed","template":"","meta":{"_price":"","_stock":"","_tribe_ticket_header":"","_tribe_default_ticket_provider":"","_tribe_ticket_capacity":"0","_ticket_start_date":"","_ticket_end_date":"","_tribe_ticket_show_description":"","_tribe_ticket_show_not_going":false,"_tribe_ticket_use_global_stock":"","_tribe_ticket_global_stock_level":"","_global_stock_mode":"","_global_stock_cap":"","_tribe_rsvp_for_event":"","_tribe_ticket_going_count":"","_tribe_ticket_not_going_count":"","_tribe_tickets_list":"[]","_tribe_ticket_has_attendee_info_fields":false,"footnotes":"","_tec_slr_enabled":"","_tec_slr_layout":""},"class_list":["post-25","page","type-page","status-publish","has-post-thumbnail","hentry"],"ticketed":false,"_links":{"self":[{"href":"https:\/\/www.trioarbos.net\/en\/wp-json\/wp\/v2\/pages\/25","targetHints":{"allow":["GET"]}}],"collection":[{"href":"https:\/\/www.trioarbos.net\/en\/wp-json\/wp\/v2\/pages"}],"about":[{"href":"https:\/\/www.trioarbos.net\/en\/wp-json\/wp\/v2\/types\/page"}],"author":[{"embeddable":true,"href":"https:\/\/www.trioarbos.net\/en\/wp-json\/wp\/v2\/users\/1"}],"replies":[{"embeddable":true,"href":"https:\/\/www.trioarbos.net\/en\/wp-json\/wp\/v2\/comments?post=25"}],"version-history":[{"count":186,"href":"https:\/\/www.trioarbos.net\/en\/wp-json\/wp\/v2\/pages\/25\/revisions"}],"predecessor-version":[{"id":1451,"href":"https:\/\/www.trioarbos.net\/en\/wp-json\/wp\/v2\/pages\/25\/revisions\/1451"}],"wp:featuredmedia":[{"embeddable":true,"href":"https:\/\/www.trioarbos.net\/en\/wp-json\/wp\/v2\/media\/748"}],"wp:attachment":[{"href":"https:\/\/www.trioarbos.net\/en\/wp-json\/wp\/v2\/media?parent=25"}],"curies":[{"name":"wp","href":"https:\/\/api.w.org\/{rel}","templated":true}]}}