{"id":194,"date":"2024-09-04T21:38:18","date_gmt":"2024-09-04T19:38:18","guid":{"rendered":"https:\/\/www.trioarbos.net\/?page_id=194"},"modified":"2026-04-19T00:50:12","modified_gmt":"2026-04-18T22:50:12","slug":"plataforma","status":"publish","type":"page","link":"https:\/\/www.trioarbos.net\/en\/plataforma\/","title":{"rendered":"Arb\u00f3s Platform"},"content":{"rendered":"\t\t<div data-elementor-type=\"wp-page\" data-elementor-id=\"194\" class=\"elementor elementor-194\" data-elementor-post-type=\"page\">\n\t\t\t\t<div class=\"elementor-element elementor-element-4d7a099 e-con-full e-flex e-con e-parent\" data-id=\"4d7a099\" data-element_type=\"container\" data-e-type=\"container\">\n\t\t\t\t<div class=\"elementor-element elementor-element-6afc4f9 elementor-widget elementor-widget-image\" data-id=\"6afc4f9\" data-element_type=\"widget\" data-e-type=\"widget\" data-widget_type=\"image.default\">\n\t\t\t\t<div class=\"elementor-widget-container\">\n\t\t\t\t\t\t\t\t\t\t\t\t\t\t\t<img fetchpriority=\"high\" decoding=\"async\" width=\"2560\" height=\"1706\" src=\"https:\/\/www.trioarbos.net\/wp-content\/uploads\/2026\/03\/MG_5324-3-scaled.jpg\" class=\"attachment-full size-full wp-image-607\" alt=\"\" srcset=\"https:\/\/www.trioarbos.net\/wp-content\/uploads\/2026\/03\/MG_5324-3-scaled.jpg 2560w, https:\/\/www.trioarbos.net\/wp-content\/uploads\/2026\/03\/MG_5324-3-300x200.jpg 300w, https:\/\/www.trioarbos.net\/wp-content\/uploads\/2026\/03\/MG_5324-3-1024x683.jpg 1024w, https:\/\/www.trioarbos.net\/wp-content\/uploads\/2026\/03\/MG_5324-3-768x512.jpg 768w, https:\/\/www.trioarbos.net\/wp-content\/uploads\/2026\/03\/MG_5324-3-1536x1024.jpg 1536w, https:\/\/www.trioarbos.net\/wp-content\/uploads\/2026\/03\/MG_5324-3-2048x1365.jpg 2048w, https:\/\/www.trioarbos.net\/wp-content\/uploads\/2026\/03\/MG_5324-3-18x12.jpg 18w\" sizes=\"(max-width: 2560px) 100vw, 2560px\" \/>\t\t\t\t\t\t\t\t\t\t\t\t\t\t\t<\/div>\n\t\t\t\t<\/div>\n\t\t\t\t<\/div>\n\t\t<div class=\"elementor-element elementor-element-24ce4fe e-flex e-con-boxed e-con e-parent\" data-id=\"24ce4fe\" data-element_type=\"container\" data-e-type=\"container\" data-settings=\"{&quot;background_background&quot;:&quot;classic&quot;}\">\n\t\t\t\t\t<div class=\"e-con-inner\">\n\t\t\t\t<div class=\"elementor-element elementor-element-653be70 elementor-widget elementor-widget-heading\" data-id=\"653be70\" data-element_type=\"widget\" data-e-type=\"widget\" data-widget_type=\"heading.default\">\n\t\t\t\t<div class=\"elementor-widget-container\">\n\t\t\t\t\t<h2 class=\"elementor-heading-title elementor-size-default\">Plataforma Arb\u00f3s<\/h2>\t\t\t\t<\/div>\n\t\t\t\t<\/div>\n\t\t\t\t<div class=\"elementor-element elementor-element-b5c211d elementor-widget elementor-widget-text-editor\" data-id=\"b5c211d\" data-element_type=\"widget\" data-e-type=\"widget\" data-widget_type=\"text-editor.default\">\n\t\t\t\t<div class=\"elementor-widget-container\">\n\t\t\t\t\t\t\t\t\t<p>Bienvenido a nuestro espacio exclusivo de Plataforma Arb\u00f3s. Hemos creado esta secci\u00f3n para compartir ediciones \u00fanicas, fruto de nuestra experiencia interpretativa, investigaci\u00f3n profunda y dedicaci\u00f3n a la m\u00fasica de c\u00e1mara. Materiales rigurosos y vivos, al alcance de m\u00fasicos, investigadores y apasionados.<\/p>\t\t\t\t\t\t\t\t<\/div>\n\t\t\t\t<\/div>\n\t\t\t\t<div class=\"elementor-element elementor-element-07863f8 elementor-grid-3 elementor-grid-tablet-2 elementor-grid-mobile-1 elementor-widget elementor-widget-loop-grid\" data-id=\"07863f8\" data-element_type=\"widget\" data-e-type=\"widget\" data-settings=\"{&quot;template_id&quot;:183,&quot;_skin&quot;:&quot;post&quot;,&quot;columns&quot;:&quot;3&quot;,&quot;columns_tablet&quot;:&quot;2&quot;,&quot;columns_mobile&quot;:&quot;1&quot;,&quot;edit_handle_selector&quot;:&quot;[data-elementor-type=\\&quot;loop-item\\&quot;]&quot;,&quot;row_gap&quot;:{&quot;unit&quot;:&quot;px&quot;,&quot;size&quot;:&quot;&quot;,&quot;sizes&quot;:[]},&quot;row_gap_tablet&quot;:{&quot;unit&quot;:&quot;px&quot;,&quot;size&quot;:&quot;&quot;,&quot;sizes&quot;:[]},&quot;row_gap_mobile&quot;:{&quot;unit&quot;:&quot;px&quot;,&quot;size&quot;:&quot;&quot;,&quot;sizes&quot;:[]}}\" data-widget_type=\"loop-grid.post\">\n\t\t\t\t<div class=\"elementor-widget-container\">\n\t\t\t\t\t\t\t<div class=\"elementor-loop-container elementor-grid\" role=\"list\">\n\t\t<style id=\"loop-183\">.elementor-183 .elementor-element.elementor-element-948c486{--display:flex;--flex-direction:column;--container-widget-width:100%;--container-widget-height:initial;--container-widget-flex-grow:0;--container-widget-align-self:initial;--flex-wrap-mobile:wrap;}.elementor-widget-theme-post-featured-image .widget-image-caption{color:var( --e-global-color-text );font-family:var( --e-global-typography-text-font-family ), Sans-serif;font-size:var( --e-global-typography-text-font-size );font-weight:var( --e-global-typography-text-font-weight );line-height:var( --e-global-typography-text-line-height );}.elementor-widget-theme-post-title .elementor-heading-title{font-family:var( --e-global-typography-primary-font-family ), Sans-serif;font-size:var( --e-global-typography-primary-font-size );font-weight:var( --e-global-typography-primary-font-weight );line-height:var( --e-global-typography-primary-line-height );color:var( --e-global-color-primary );}.elementor-183 .elementor-element.elementor-element-2e6ede0{text-align:center;}.elementor-183 .elementor-element.elementor-element-2e6ede0 .elementor-heading-title{font-family:var( --e-global-typography-3887832-font-family ), Sans-serif;font-size:var( --e-global-typography-3887832-font-size );font-weight:var( --e-global-typography-3887832-font-weight );line-height:var( --e-global-typography-3887832-line-height );letter-spacing:var( --e-global-typography-3887832-letter-spacing );word-spacing:var( --e-global-typography-3887832-word-spacing );color:#3D4093;}.elementor-widget-button .elementor-button{font-family:var( --e-global-typography-accent-font-family ), Sans-serif;font-size:var( --e-global-typography-accent-font-size );font-weight:var( --e-global-typography-accent-font-weight );line-height:var( --e-global-typography-accent-line-height );background-color:var( --e-global-color-accent );}.elementor-183 .elementor-element.elementor-element-1692a9f .elementor-button{font-family:\"Raleway\", Sans-serif;font-size:16px;font-weight:600;text-decoration:none;line-height:1.2em;fill:var( --e-global-color-eee1060 );color:var( --e-global-color-eee1060 );background-color:var( --e-global-color-secondary );}@media(max-width:1024px){.elementor-widget-theme-post-featured-image .widget-image-caption{font-size:var( --e-global-typography-text-font-size );line-height:var( --e-global-typography-text-line-height );}.elementor-widget-theme-post-title .elementor-heading-title{font-size:var( --e-global-typography-primary-font-size );line-height:var( --e-global-typography-primary-line-height );}.elementor-183 .elementor-element.elementor-element-2e6ede0 .elementor-heading-title{font-size:var( --e-global-typography-3887832-font-size );line-height:var( --e-global-typography-3887832-line-height );letter-spacing:var( --e-global-typography-3887832-letter-spacing );word-spacing:var( --e-global-typography-3887832-word-spacing );}.elementor-widget-button .elementor-button{font-size:var( --e-global-typography-accent-font-size );line-height:var( --e-global-typography-accent-line-height );}.elementor-183 .elementor-element.elementor-element-1692a9f .elementor-button{font-size:16px;line-height:1em;}}@media(max-width:767px){.elementor-widget-theme-post-featured-image .widget-image-caption{font-size:var( --e-global-typography-text-font-size );line-height:var( --e-global-typography-text-line-height );}.elementor-widget-theme-post-title .elementor-heading-title{font-size:var( --e-global-typography-primary-font-size );line-height:var( --e-global-typography-primary-line-height );}.elementor-183 .elementor-element.elementor-element-2e6ede0 .elementor-heading-title{font-size:var( --e-global-typography-3887832-font-size );line-height:var( --e-global-typography-3887832-line-height );letter-spacing:var( --e-global-typography-3887832-letter-spacing );word-spacing:var( --e-global-typography-3887832-word-spacing );}.elementor-widget-button .elementor-button{font-size:var( --e-global-typography-accent-font-size );line-height:var( --e-global-typography-accent-line-height );}.elementor-183 .elementor-element.elementor-element-1692a9f .elementor-button{font-size:16px;line-height:1em;}}<\/style>\t\t<div data-elementor-type=\"loop-item\" data-elementor-id=\"183\" class=\"elementor elementor-183 e-loop-item e-loop-item-330 post-330 post type-post status-publish format-standard has-post-thumbnail hentry category-plataforma-arbos\" data-elementor-post-type=\"elementor_library\" data-custom-edit-handle=\"1\">\n\t\t\t<div class=\"elementor-element elementor-element-948c486 e-flex e-con-boxed e-con e-parent\" data-id=\"948c486\" data-element_type=\"container\" data-e-type=\"container\">\n\t\t\t\t\t<div class=\"e-con-inner\">\n\t\t\t\t<div class=\"elementor-element elementor-element-962bff8 elementor-widget elementor-widget-theme-post-featured-image elementor-widget-image\" data-id=\"962bff8\" data-element_type=\"widget\" data-e-type=\"widget\" data-widget_type=\"theme-post-featured-image.default\">\n\t\t\t\t<div class=\"elementor-widget-container\">\n\t\t\t\t\t\t\t\t\t\t\t\t\t\t\t<img decoding=\"async\" width=\"348\" height=\"393\" src=\"https:\/\/www.trioarbos.net\/wp-content\/uploads\/2024\/09\/imagen-34.png\" class=\"attachment-full size-full wp-image-331\" alt=\"\" srcset=\"https:\/\/www.trioarbos.net\/wp-content\/uploads\/2024\/09\/imagen-34.png 348w, https:\/\/www.trioarbos.net\/wp-content\/uploads\/2024\/09\/imagen-34-266x300.png 266w\" sizes=\"(max-width: 348px) 100vw, 348px\" \/>\t\t\t\t\t\t\t\t\t\t\t\t\t\t\t<\/div>\n\t\t\t\t<\/div>\n\t\t\t\t<div class=\"elementor-element elementor-element-2e6ede0 elementor-widget elementor-widget-theme-post-title elementor-page-title elementor-widget-heading\" data-id=\"2e6ede0\" data-element_type=\"widget\" data-e-type=\"widget\" data-widget_type=\"theme-post-title.default\">\n\t\t\t\t<div class=\"elementor-widget-container\">\n\t\t\t\t\t<h2 class=\"elementor-heading-title elementor-size-default\">El Tr\u00edo Arb\u00f3s ofrece su propia edici\u00f3n de En el Castillo de Torremolinos de Elena Romero<\/h2>\t\t\t\t<\/div>\n\t\t\t\t<\/div>\n\t\t\t\t<div class=\"elementor-element elementor-element-1692a9f elementor-align-center elementor-widget elementor-widget-button\" data-id=\"1692a9f\" data-element_type=\"widget\" data-e-type=\"widget\" data-widget_type=\"button.default\">\n\t\t\t\t<div class=\"elementor-widget-container\">\n\t\t\t\t\t\t\t\t\t<div class=\"elementor-button-wrapper\">\n\t\t\t\t\t<a class=\"elementor-button elementor-button-link elementor-size-sm\" href=\"https:\/\/www.trioarbos.net\/en\/el-trio-arbos-ofrece-gratuitamente-su-propia-edicion-de-en-el-castillo-de-torremolinos-de-elena-romero\/\">\n\t\t\t\t\t\t<span class=\"elementor-button-content-wrapper\">\n\t\t\t\t\t\t\t\t\t<span class=\"elementor-button-text\">Leer m\u00e1s<\/span>\n\t\t\t\t\t<\/span>\n\t\t\t\t\t<\/a>\n\t\t\t\t<\/div>\n\t\t\t\t\t\t\t\t<\/div>\n\t\t\t\t<\/div>\n\t\t\t\t\t<\/div>\n\t\t\t\t<\/div>\n\t\t\t\t<\/div>\n\t\t\t\t<div data-elementor-type=\"loop-item\" data-elementor-id=\"183\" class=\"elementor elementor-183 e-loop-item e-loop-item-333 post-333 post type-post status-publish format-standard has-post-thumbnail hentry category-plataforma-arbos\" data-elementor-post-type=\"elementor_library\" data-custom-edit-handle=\"1\">\n\t\t\t<div class=\"elementor-element elementor-element-948c486 e-flex e-con-boxed e-con e-parent\" data-id=\"948c486\" data-element_type=\"container\" data-e-type=\"container\">\n\t\t\t\t\t<div class=\"e-con-inner\">\n\t\t\t\t<div class=\"elementor-element elementor-element-962bff8 elementor-widget elementor-widget-theme-post-featured-image elementor-widget-image\" data-id=\"962bff8\" data-element_type=\"widget\" data-e-type=\"widget\" data-widget_type=\"theme-post-featured-image.default\">\n\t\t\t\t<div class=\"elementor-widget-container\">\n\t\t\t\t\t\t\t\t\t\t\t\t\t\t\t<img decoding=\"async\" width=\"347\" height=\"393\" src=\"https:\/\/www.trioarbos.net\/wp-content\/uploads\/2024\/09\/imagen-35.png\" class=\"attachment-full size-full wp-image-334\" alt=\"\" srcset=\"https:\/\/www.trioarbos.net\/wp-content\/uploads\/2024\/09\/imagen-35.png 347w, https:\/\/www.trioarbos.net\/wp-content\/uploads\/2024\/09\/imagen-35-265x300.png 265w\" sizes=\"(max-width: 347px) 100vw, 347px\" \/>\t\t\t\t\t\t\t\t\t\t\t\t\t\t\t<\/div>\n\t\t\t\t<\/div>\n\t\t\t\t<div class=\"elementor-element elementor-element-2e6ede0 elementor-widget elementor-widget-theme-post-title elementor-page-title elementor-widget-heading\" data-id=\"2e6ede0\" data-element_type=\"widget\" data-e-type=\"widget\" data-widget_type=\"theme-post-title.default\">\n\t\t\t\t<div class=\"elementor-widget-container\">\n\t\t\t\t\t<h2 class=\"elementor-heading-title elementor-size-default\">El Tr\u00edo Arb\u00f3s ofrece su propia edici\u00f3n del Tr\u00edo en do mayor de Evaristo Fern\u00e1ndez Blanco<\/h2>\t\t\t\t<\/div>\n\t\t\t\t<\/div>\n\t\t\t\t<div class=\"elementor-element elementor-element-1692a9f elementor-align-center elementor-widget elementor-widget-button\" data-id=\"1692a9f\" data-element_type=\"widget\" data-e-type=\"widget\" data-widget_type=\"button.default\">\n\t\t\t\t<div class=\"elementor-widget-container\">\n\t\t\t\t\t\t\t\t\t<div class=\"elementor-button-wrapper\">\n\t\t\t\t\t<a class=\"elementor-button elementor-button-link elementor-size-sm\" href=\"https:\/\/www.trioarbos.net\/en\/el-trio-arbos-ofrece-gratuitamente-su-propia-edicion-del-trio-en-do-mayor-de-evaristo-fernandez-blanco\/\">\n\t\t\t\t\t\t<span class=\"elementor-button-content-wrapper\">\n\t\t\t\t\t\t\t\t\t<span class=\"elementor-button-text\">Leer m\u00e1s<\/span>\n\t\t\t\t\t<\/span>\n\t\t\t\t\t<\/a>\n\t\t\t\t<\/div>\n\t\t\t\t\t\t\t\t<\/div>\n\t\t\t\t<\/div>\n\t\t\t\t\t<\/div>\n\t\t\t\t<\/div>\n\t\t\t\t<\/div>\n\t\t\t\t<div data-elementor-type=\"loop-item\" data-elementor-id=\"183\" class=\"elementor elementor-183 e-loop-item e-loop-item-336 post-336 post type-post status-publish format-standard has-post-thumbnail hentry category-plataforma-arbos\" data-elementor-post-type=\"elementor_library\" data-custom-edit-handle=\"1\">\n\t\t\t<div class=\"elementor-element elementor-element-948c486 e-flex e-con-boxed e-con e-parent\" data-id=\"948c486\" data-element_type=\"container\" data-e-type=\"container\">\n\t\t\t\t\t<div class=\"e-con-inner\">\n\t\t\t\t<div class=\"elementor-element elementor-element-962bff8 elementor-widget elementor-widget-theme-post-featured-image elementor-widget-image\" data-id=\"962bff8\" data-element_type=\"widget\" data-e-type=\"widget\" data-widget_type=\"theme-post-featured-image.default\">\n\t\t\t\t<div class=\"elementor-widget-container\">\n\t\t\t\t\t\t\t\t\t\t\t\t\t\t\t<img loading=\"lazy\" decoding=\"async\" width=\"346\" height=\"393\" src=\"https:\/\/www.trioarbos.net\/wp-content\/uploads\/2024\/09\/imagen-36.png\" class=\"attachment-full size-full wp-image-337\" alt=\"\" srcset=\"https:\/\/www.trioarbos.net\/wp-content\/uploads\/2024\/09\/imagen-36.png 346w, https:\/\/www.trioarbos.net\/wp-content\/uploads\/2024\/09\/imagen-36-264x300.png 264w\" sizes=\"(max-width: 346px) 100vw, 346px\" \/>\t\t\t\t\t\t\t\t\t\t\t\t\t\t\t<\/div>\n\t\t\t\t<\/div>\n\t\t\t\t<div class=\"elementor-element elementor-element-2e6ede0 elementor-widget elementor-widget-theme-post-title elementor-page-title elementor-widget-heading\" data-id=\"2e6ede0\" data-element_type=\"widget\" data-e-type=\"widget\" data-widget_type=\"theme-post-title.default\">\n\t\t\t\t<div class=\"elementor-widget-container\">\n\t\t\t\t\t<h2 class=\"elementor-heading-title elementor-size-default\">El Tr\u00edo Arb\u00f3s ofrece su propia edici\u00f3n del Tr\u00edo en si bemol mayor de Joaqu\u00edn Malats<\/h2>\t\t\t\t<\/div>\n\t\t\t\t<\/div>\n\t\t\t\t<div class=\"elementor-element elementor-element-1692a9f elementor-align-center elementor-widget elementor-widget-button\" data-id=\"1692a9f\" data-element_type=\"widget\" data-e-type=\"widget\" data-widget_type=\"button.default\">\n\t\t\t\t<div class=\"elementor-widget-container\">\n\t\t\t\t\t\t\t\t\t<div class=\"elementor-button-wrapper\">\n\t\t\t\t\t<a class=\"elementor-button elementor-button-link elementor-size-sm\" href=\"https:\/\/www.trioarbos.net\/en\/el-trio-arbos-ofrece-gratuitamente-su-propia-edicion-del-trio-en-si-bemol-mayor-de-joaquin-malats\/\">\n\t\t\t\t\t\t<span class=\"elementor-button-content-wrapper\">\n\t\t\t\t\t\t\t\t\t<span class=\"elementor-button-text\">Leer m\u00e1s<\/span>\n\t\t\t\t\t<\/span>\n\t\t\t\t\t<\/a>\n\t\t\t\t<\/div>\n\t\t\t\t\t\t\t\t<\/div>\n\t\t\t\t<\/div>\n\t\t\t\t\t<\/div>\n\t\t\t\t<\/div>\n\t\t\t\t<\/div>\n\t\t\t\t<div data-elementor-type=\"loop-item\" data-elementor-id=\"183\" class=\"elementor elementor-183 e-loop-item e-loop-item-339 post-339 post type-post status-publish format-standard has-post-thumbnail hentry category-plataforma-arbos\" data-elementor-post-type=\"elementor_library\" data-custom-edit-handle=\"1\">\n\t\t\t<div class=\"elementor-element elementor-element-948c486 e-flex e-con-boxed e-con e-parent\" data-id=\"948c486\" data-element_type=\"container\" data-e-type=\"container\">\n\t\t\t\t\t<div class=\"e-con-inner\">\n\t\t\t\t<div class=\"elementor-element elementor-element-962bff8 elementor-widget elementor-widget-theme-post-featured-image elementor-widget-image\" data-id=\"962bff8\" data-element_type=\"widget\" data-e-type=\"widget\" data-widget_type=\"theme-post-featured-image.default\">\n\t\t\t\t<div class=\"elementor-widget-container\">\n\t\t\t\t\t\t\t\t\t\t\t\t\t\t\t<img loading=\"lazy\" decoding=\"async\" width=\"346\" height=\"393\" src=\"https:\/\/www.trioarbos.net\/wp-content\/uploads\/2024\/09\/imagen-37.png\" class=\"attachment-full size-full wp-image-340\" alt=\"\" srcset=\"https:\/\/www.trioarbos.net\/wp-content\/uploads\/2024\/09\/imagen-37.png 346w, https:\/\/www.trioarbos.net\/wp-content\/uploads\/2024\/09\/imagen-37-264x300.png 264w\" sizes=\"(max-width: 346px) 100vw, 346px\" \/>\t\t\t\t\t\t\t\t\t\t\t\t\t\t\t<\/div>\n\t\t\t\t<\/div>\n\t\t\t\t<div class=\"elementor-element elementor-element-2e6ede0 elementor-widget elementor-widget-theme-post-title elementor-page-title elementor-widget-heading\" data-id=\"2e6ede0\" data-element_type=\"widget\" data-e-type=\"widget\" data-widget_type=\"theme-post-title.default\">\n\t\t\t\t<div class=\"elementor-widget-container\">\n\t\t\t\t\t<h2 class=\"elementor-heading-title elementor-size-default\">El Tr\u00edo Arb\u00f3s lanza su propia edici\u00f3n del Tr\u00edo op. 50 en do mayor de Enrique Granados<\/h2>\t\t\t\t<\/div>\n\t\t\t\t<\/div>\n\t\t\t\t<div class=\"elementor-element elementor-element-1692a9f elementor-align-center elementor-widget elementor-widget-button\" data-id=\"1692a9f\" data-element_type=\"widget\" data-e-type=\"widget\" data-widget_type=\"button.default\">\n\t\t\t\t<div class=\"elementor-widget-container\">\n\t\t\t\t\t\t\t\t\t<div class=\"elementor-button-wrapper\">\n\t\t\t\t\t<a class=\"elementor-button elementor-button-link elementor-size-sm\" href=\"https:\/\/www.trioarbos.net\/en\/el-trio-arbos-lanza-su-propia-edicion-del-trio-op-50-en-do-mayor-de-enrique-granados\/\">\n\t\t\t\t\t\t<span class=\"elementor-button-content-wrapper\">\n\t\t\t\t\t\t\t\t\t<span class=\"elementor-button-text\">Leer m\u00e1s<\/span>\n\t\t\t\t\t<\/span>\n\t\t\t\t\t<\/a>\n\t\t\t\t<\/div>\n\t\t\t\t\t\t\t\t<\/div>\n\t\t\t\t<\/div>\n\t\t\t\t\t<\/div>\n\t\t\t\t<\/div>\n\t\t\t\t<\/div>\n\t\t\t\t<\/div>\n\t\t\n\t\t\t\t\t\t<\/div>\n\t\t\t\t<\/div>\n\t\t\t\t\t<\/div>\n\t\t\t\t<\/div>\n\t\t\t\t<\/div>\n\t\t","protected":false},"excerpt":{"rendered":"<p>Plataforma Arb\u00f3s Bienvenido a nuestro espacio exclusivo de Plataforma Arb\u00f3s. Hemos creado esta secci\u00f3n para compartir ediciones \u00fanicas, fruto de nuestra experiencia interpretativa, investigaci\u00f3n profunda y dedicaci\u00f3n a la m\u00fasica [&hellip;]<\/p>\n","protected":false},"author":1,"featured_media":0,"parent":0,"menu_order":0,"comment_status":"closed","ping_status":"closed","template":"","meta":{"_price":"","_stock":"","_tribe_ticket_header":"","_tribe_default_ticket_provider":"","_tribe_ticket_capacity":"0","_ticket_start_date":"","_ticket_end_date":"","_tribe_ticket_show_description":"","_tribe_ticket_show_not_going":false,"_tribe_ticket_use_global_stock":"","_tribe_ticket_global_stock_level":"","_global_stock_mode":"","_global_stock_cap":"","_tribe_rsvp_for_event":"","_tribe_ticket_going_count":"","_tribe_ticket_not_going_count":"","_tribe_tickets_list":"[]","_tribe_ticket_has_attendee_info_fields":false,"footnotes":"","_tec_slr_enabled":"","_tec_slr_layout":""},"class_list":["post-194","page","type-page","status-publish","hentry"],"ticketed":false,"_links":{"self":[{"href":"https:\/\/www.trioarbos.net\/en\/wp-json\/wp\/v2\/pages\/194","targetHints":{"allow":["GET"]}}],"collection":[{"href":"https:\/\/www.trioarbos.net\/en\/wp-json\/wp\/v2\/pages"}],"about":[{"href":"https:\/\/www.trioarbos.net\/en\/wp-json\/wp\/v2\/types\/page"}],"author":[{"embeddable":true,"href":"https:\/\/www.trioarbos.net\/en\/wp-json\/wp\/v2\/users\/1"}],"replies":[{"embeddable":true,"href":"https:\/\/www.trioarbos.net\/en\/wp-json\/wp\/v2\/comments?post=194"}],"version-history":[{"count":53,"href":"https:\/\/www.trioarbos.net\/en\/wp-json\/wp\/v2\/pages\/194\/revisions"}],"predecessor-version":[{"id":1335,"href":"https:\/\/www.trioarbos.net\/en\/wp-json\/wp\/v2\/pages\/194\/revisions\/1335"}],"wp:attachment":[{"href":"https:\/\/www.trioarbos.net\/en\/wp-json\/wp\/v2\/media?parent=194"}],"curies":[{"name":"wp","href":"https:\/\/api.w.org\/{rel}","templated":true}]}}